{"id":10,"date":"2025-09-26T18:37:57","date_gmt":"2025-09-26T15:37:57","guid":{"rendered":"https:\/\/minihugz.com\/?page_id=10"},"modified":"2025-10-02T13:18:02","modified_gmt":"2025-10-02T10:18:02","slug":"refund_returns","status":"publish","type":"page","link":"https:\/\/minihugz.com\/en\/refund_returns\/","title":{"rendered":"Privatumo politika"},"content":{"rendered":"<p>Asmenin\u0119 informacij\u0105 perkant prekes \u0161ioje elektronin\u0117je parduotuv\u0117je&nbsp;pra\u0161oma nurodyti tik pateikiant u\u017esakym\u0105. \u0160i elektronin\u0117 parduotuv\u0117&nbsp;\u012fsipareigoja neatskleisti pirk\u0117jo asmens duomen\u0173 tretiesiems asmenims, i\u0161skyrus tuos atvejus, kai informacija yra b\u016btina partneriui, teikian\u010diam preki\u0173 pristatymo ar kitas su pirk\u0117jo u\u017esakymo tinkamu \u012fvykdymu susijusias paslaugas. Visais kitais atvejais pirk\u0117jo asmens duomenys tretiesiems asmenims gali b\u016bti atskleid\u017eiami tik Lietuvos Respublikos teis\u0117s akt\u0173 numatytais atvejais ir tvarka.<\/p>\n\n\n\n<h3 class=\"wp-block-heading\" id=\"grazinimas\">Return of goods<\/h3>\n\n\n\n<p>Nor\u0117dami gr\u0105\u017einti \u012fsigytas prekes, pra\u0161ome u\u017epildyti \u017eemiau esan\u010di\u0105 form\u0105. Prekes galite gr\u0105\u017einti per 30 dien\u0173. Prek\u0117 turi b\u016bti gr\u0105\u017einama savo originalioje pakuot\u0117je. Nor\u0117dami su\u017einoti daugiau apie preki\u0173 gr\u0105\u017einimo tvark\u0105, apsilankykite skiltyje \u201e<a href=\"https:\/\/minihugz.com\/en\/privacy-policy\/#grazinimas\" title=\"\"> Gr\u0105\u017einimo s\u0105lygos <\/a>\u201c.<\/p>\n\n\n\n<p>Primename, kad gr\u0105\u017einti negalima:<\/p>\n\n\n\n<ul class=\"wp-block-list\">\n<li>Panaudot\u0173 kokybi\u0161k\u0173 preki\u0173;<\/li>\n\n\n\n<li>Sugadint\u0173, su pa\u017eeista pakuote, ne visos komplektacijos ar kitaip praradusi\u0173 prekin\u0119 i\u0161vaizd\u0105preki\u0173;<\/li>\n\n\n\n<li>Supakuot\u0173 preki\u0173, kurios buvo i\u0161pakuotos ir yra netinkamos gr\u0105\u017einti d\u0117l sveikatos apsaugos arhigienos prie\u017eas\u010di\u0173.<\/li>\n<\/ul>\n\n\n\n<h3 class=\"wp-block-heading\" id=\"pristatymas\">Pristatymo informcija:<\/h3>\n\n\n\n<p>Pristatymas pa\u0161tomatu su \u201cOmniva\u201d.<br>Prekes pristatysime J\u016bs\u0173 nurodytu pa\u0161tomato adresu per 2-5 darbo dienas.\u00a0Prekei atvykus \u012f nurodyt\u0105 pa\u0161tomat\u0105, gausite SMS \u017einut\u0119 su atsi\u0117mimo kodu bei atsi\u0117mimo terminu i\u0161 transportokompanijos.\u00a0<\/p>\n\n\n\n<p>Jei Pardav\u0117jo sand\u0117lyje n\u0117ra reikiam\u0173 kieki\u0173, Pirk\u0117jas informuojamas apie jo u\u017esakyt\u0173 preki\u0173 tr\u016bkum\u0105 atskiru susitarimu ir numatomus gamybos\/pristatymo terminus. Kartu Pirk\u0117jas sutinka, jog i\u0161imtinais atvejais preki\u0173 pristatymas gali v\u0117luoti d\u0117l Force Majeure aplinkybi\u0173.<\/p>\n\n\n\n<p><\/p>","protected":false},"excerpt":{"rendered":"<p>Asmenin\u0119 informacij\u0105 perkant prekes \u0161ioje elektronin\u0117je parduotuv\u0117je&nbsp;pra\u0161oma nurodyti tik pateikiant u\u017esakym\u0105. \u0160i elektronin\u0117 parduotuv\u0117&nbsp;\u012fsipareigoja neatskleisti pirk\u0117jo asmens duomen\u0173 tretiesiems asmenims, i\u0161skyrus tuos atvejus, kai informacija yra b\u016btina partneriui, teikian\u010diam preki\u0173 pristatymo ar kitas su pirk\u0117jo u\u017esakymo tinkamu \u012fvykdymu susijusias paslaugas. Visais kitais atvejais pirk\u0117jo asmens duomenys tretiesiems asmenims gali b\u016bti atskleid\u017eiami tik Lietuvos Respublikos teis\u0117s [&hellip;]<\/p>","protected":false},"author":1,"featured_media":0,"parent":0,"menu_order":0,"comment_status":"closed","ping_status":"closed","template":"","meta":{"_uag_custom_page_level_css":"","site-sidebar-layout":"default","site-content-layout":"","ast-site-content-layout":"default","site-content-style":"default","site-sidebar-style":"default","ast-global-header-display":"","ast-banner-title-visibility":"","ast-main-header-display":"","ast-hfb-above-header-display":"","ast-hfb-below-header-display":"","ast-hfb-mobile-header-display":"","site-post-title":"","ast-breadcrumbs-content":"","ast-featured-img":"","footer-sml-layout":"","theme-transparent-header-meta":"","adv-header-id-meta":"","stick-header-meta":"","header-above-stick-meta":"","header-main-stick-meta":"","header-below-stick-meta":"","astra-migrate-meta-layouts":"set","ast-page-background-enabled":"default","ast-page-background-meta":{"desktop":{"background-color":"var(--ast-global-color-4)","background-image":"","background-repeat":"repeat","background-position":"center center","background-size":"auto","background-attachment":"scroll","background-type":"","background-media":"","overlay-type":"","overlay-color":"","overlay-opacity":"","overlay-gradient":""},"tablet":{"background-color":"","background-image":"","background-repeat":"repeat","background-position":"center center","background-size":"auto","background-attachment":"scroll","background-type":"","background-media":"","overlay-type":"","overlay-color":"","overlay-opacity":"","overlay-gradient":""},"mobile":{"background-color":"","background-image":"","background-repeat":"repeat","background-position":"center center","background-size":"auto","background-attachment":"scroll","background-type":"","background-media":"","overlay-type":"","overlay-color":"","overlay-opacity":"","overlay-gradient":""}},"ast-content-background-meta":{"desktop":{"background-color":"var(--ast-global-color-5)","background-image":"","background-repeat":"repeat","background-position":"center center","background-size":"auto","background-attachment":"scroll","background-type":"","background-media":"","overlay-type":"","overlay-color":"","overlay-opacity":"","overlay-gradient":""},"tablet":{"background-color":"var(--ast-global-color-5)","background-image":"","background-repeat":"repeat","background-position":"center center","background-size":"auto","background-attachment":"scroll","background-type":"","background-media":"","overlay-type":"","overlay-color":"","overlay-opacity":"","overlay-gradient":""},"mobile":{"background-color":"var(--ast-global-color-5)","background-image":"","background-repeat":"repeat","background-position":"center center","background-size":"auto","background-attachment":"scroll","background-type":"","background-media":"","overlay-type":"","overlay-color":"","overlay-opacity":"","overlay-gradient":""}},"footnotes":""},"class_list":["post-10","page","type-page","status-publish","hentry"],"aioseo_notices":[],"_hostinger_reach_plugin_has_subscription_block":false,"_hostinger_reach_plugin_is_elementor":false,"uagb_featured_image_src":{"full":false,"thumbnail":false,"medium":false,"medium_large":false,"large":false,"1536x1536":false,"2048x2048":false,"trp-custom-language-flag":false,"woocommerce_thumbnail":false,"woocommerce_single":false,"woocommerce_gallery_thumbnail":false},"uagb_author_info":{"display_name":"godavaskeviciute@gmail.com","author_link":"https:\/\/minihugz.com\/en\/author\/godavaskeviciutegmail-com\/"},"uagb_comment_info":0,"uagb_excerpt":"Asmenin\u0119 informacij\u0105 perkant prekes \u0161ioje elektronin\u0117je parduotuv\u0117je&nbsp;pra\u0161oma nurodyti tik pateikiant u\u017esakym\u0105. \u0160i elektronin\u0117 parduotuv\u0117&nbsp;\u012fsipareigoja neatskleisti pirk\u0117jo asmens duomen\u0173 tretiesiems asmenims, i\u0161skyrus tuos atvejus, kai informacija yra b\u016btina partneriui, teikian\u010diam preki\u0173 pristatymo ar kitas su pirk\u0117jo u\u017esakymo tinkamu \u012fvykdymu susijusias paslaugas. Visais kitais atvejais pirk\u0117jo asmens duomenys tretiesiems asmenims gali b\u016bti atskleid\u017eiami tik Lietuvos Respublikos teis\u0117s&hellip;","_links":{"self":[{"href":"https:\/\/minihugz.com\/en\/wp-json\/wp\/v2\/pages\/10","targetHints":{"allow":["GET"]}}],"collection":[{"href":"https:\/\/minihugz.com\/en\/wp-json\/wp\/v2\/pages"}],"about":[{"href":"https:\/\/minihugz.com\/en\/wp-json\/wp\/v2\/types\/page"}],"author":[{"embeddable":true,"href":"https:\/\/minihugz.com\/en\/wp-json\/wp\/v2\/users\/1"}],"replies":[{"embeddable":true,"href":"https:\/\/minihugz.com\/en\/wp-json\/wp\/v2\/comments?post=10"}],"version-history":[{"count":4,"href":"https:\/\/minihugz.com\/en\/wp-json\/wp\/v2\/pages\/10\/revisions"}],"predecessor-version":[{"id":2775,"href":"https:\/\/minihugz.com\/en\/wp-json\/wp\/v2\/pages\/10\/revisions\/2775"}],"wp:attachment":[{"href":"https:\/\/minihugz.com\/en\/wp-json\/wp\/v2\/media?parent=10"}],"curies":[{"name":"wp","href":"https:\/\/api.w.org\/{rel}","templated":true}]}}