{"id":1116,"date":"2025-09-13T10:10:57","date_gmt":"2025-09-13T10:10:57","guid":{"rendered":"https:\/\/minihugz.com\/about-2\/"},"modified":"2025-10-06T10:57:11","modified_gmt":"2025-10-06T07:57:11","slug":"about","status":"publish","type":"page","link":"https:\/\/minihugz.com\/en\/about\/","title":{"rendered":"About us"},"content":{"rendered":"<div class=\"wp-block-uagb-container uagb-block-ec57ae33 alignfull uagb-is-root-container\"><div class=\"uagb-container-inner-blocks-wrap\">\n<div class=\"wp-block-uagb-info-box uagb-block-4a165757 uagb-infobox__content-wrap  uagb-infobox-icon-above-title uagb-infobox-image-valign-top\"><div class=\"uagb-ifb-content\"><div class=\"uagb-ifb-title-wrap\"><h1 class=\"uagb-ifb-title\"><strong>About us<\/strong><\/h1><\/div><div class=\"uagb-ifb-separator\"><\/div><\/div><\/div>\n<\/div><\/div>\n\n\n\n<div class=\"wp-block-uagb-container uagb-block-6b968533 alignfull uagb-is-root-container\"><div class=\"uagb-container-inner-blocks-wrap\">\n<div class=\"wp-block-uagb-container uagb-layout-flex uagb-block-d007fec1 alignfull uagb-is-root-container\"><div class=\"uagb-container-inner-blocks-wrap\">\n<div class=\"wp-block-uagb-container uagb-block-815c24b6\">\n<div class=\"wp-block-uagb-advanced-heading uagb-block-7bbb1e16\"><h6 class=\"uagb-heading-text\">Our Story<\/h6><\/div>\n<\/div>\n\n\n\n<div class=\"wp-block-uagb-container uagb-block-decbf510\">\n<div class=\"wp-block-uagb-advanced-heading uagb-block-62025aa0\"><div class=\"uagb-heading-text\">The idea was born while traveling - we often saw parents trying to keep their children busy on the plane, car, or train. <\/div><p class=\"uagb-desc-text\">I wanted to find a solution that would not only provide entertainment, but also help the child improve every day - by learning letters, numbers, and developing care, responsibility, and patience.<br><br>That's why we offer educational toys, including Montessori-style toys, that encourage children from infancy to early childhood to learn through play and discover the world. Our toys are designed for children, but we also think about parents - they help them overcome the most important developmental stages of their little ones. Modern, multifunctional and attractively designed, they are made of high-quality materials so that learning is always not only useful, but also fun.<\/p><\/div>\n<\/div>\n<\/div><\/div>\n\n\n\n<div class=\"wp-block-uagb-container uagb-block-24f66e74\">\n<div class=\"wp-block-uagb-info-box uagb-block-ef4ac097 uagb-infobox__content-wrap  uagb-infobox-icon-above-title uagb-infobox-image-valign-top\"><div class=\"uagb-ifb-content\"><div class=\"uagb-ifb-icon-wrap\"><div class=\"uagb-iconbox-icon-wrap uagb-infobox-shape-circle\"><svg xmlns=\"https:\/\/www.w3.org\/2000\/svg\" viewbox=\"0 0 640 512\"><path d=\"M448 432c0-14.25 8.547-28.14 21.28-34.55l39.56-16.56l15.64-37.52c4.461-9.037 11.45-15.37 19.43-19.23L544 128c0-17.67-14.33-32-32-32s-32 14.33-32 32l-.0156 112c0 8.836-7.148 16-15.98 16s-16.07-7.164-16.07-16L448 64c0-17.67-14.33-32-32-32s-32 14.33-32 32l-.0635 176c0 8.836-7.106 16-15.94 16S351.9 248.8 351.9 240L352 32c0-17.67-14.33-32-32-32S288 14.33 288 32L287.9 240C287.9 248.8 280.8 256 272 256S255.9 248.8 255.9 240L256 64c0-17.67-14.33-32-32-32S192 46.33 192 64v279.4L132.3 283.7C124.5 275.9 114.2 272 104 272C82.68 272 64 289.2 64 312c0 10.23 3.906 20.47 11.72 28.28l113.1 113.1C226.6 491.2 276.9 512 330.3 512H368c42.72 0 81.91-15.32 112.4-40.73l-9.049-3.773C456.6 460.1 448 446.3 448 432zM349.8 371.6L320 383.1l-12.42 29.78C306.1 415 305.4 416 304 416s-2.969-.9941-3.578-2.219L288 383.1l-29.79-12.42C256.1 370.1 256 369.4 256 367.1c0-1.365 .9922-2.967 2.209-3.577L288 352l12.42-29.79C301 320.1 302.6 320 304 320s2.967 .9902 3.578 2.217L320 352l29.79 12.42C351 365 352 366.6 352 367.1C352 369.4 351 370.1 349.8 371.6zM80 224c2.277 0 4.943-1.656 5.959-3.699l20.7-49.63l49.65-20.71c2.027-1.014 3.682-3.696 3.686-5.958C159.1 141.7 158.3 139.1 156.3 138L106.7 117.4L85.96 67.7C84.94 65.65 82.28 64 80 64C77.72 64 75.05 65.65 74.04 67.7L53.34 117.3L3.695 138C1.668 139.1 .0117 141.7 .0078 143.1c.0039 2.262 1.662 4.953 3.688 5.967l49.57 20.67l20.77 49.67C75.05 222.3 77.72 224 80 224zM639.1 432c-.0039-2.275-1.657-4.952-3.687-5.968l-49.57-20.67l-20.77-49.67C564.9 353.7 562.3 352 560 352c-2.281 0-4.959 1.652-5.975 3.695l-20.7 49.63l-49.64 20.71c-2.027 1.016-3.682 3.683-3.686 5.958c.0039 2.262 1.661 4.954 3.686 5.968l49.57 20.67l20.77 49.67C555.1 510.3 557.7 512 560 512c2.277 0 4.933-1.656 5.949-3.699l20.7-49.63l49.65-20.71C638.3 436.9 639.1 434.3 639.1 432z\"><\/path><\/svg><\/div><\/div><div class=\"uagb-ifb-title-wrap\"><h5 class=\"uagb-ifb-title\">Develops skills<\/h5><\/div><p class=\"uagb-ifb-desc\">Toys develop logical thinking, fine motor skills, creativity, and responsibility.<\/p><\/div><\/div>\n\n\n\n<div class=\"wp-block-uagb-info-box uagb-block-b340d15e uagb-infobox__content-wrap  uagb-infobox-icon-above-title uagb-infobox-image-valign-top\"><div class=\"uagb-ifb-content\"><div class=\"uagb-ifb-icon-wrap\"><div class=\"uagb-iconbox-icon-wrap uagb-infobox-shape-circle\"><svg xmlns=\"https:\/\/www.w3.org\/2000\/svg\" viewbox=\"0 0 512 512\"><path d=\"M512 165.4c0 127.9-70.05 235.3-175.3 270.1c-20.04 7.938-41.83 12.46-64.69 12.46c-64.9 0-125.2-36.51-155.7-94.47c-54.13 49.93-68.71 107-68.96 108.1C44.72 472.6 34.87 480 24.02 480c-1.844 0-3.727-.2187-5.602-.6562c-12.89-3.098-20.84-16.08-17.75-28.96c9.598-39.5 90.47-226.4 335.3-226.4C344.8 224 352 216.8 352 208S344.8 192 336 192C228.6 192 151 226.6 96.29 267.6c.1934-10.82 1.242-21.84 3.535-33.05c13.47-65.81 66.04-119 131.4-134.2c28.33-6.562 55.68-6.013 80.93-.0054c56 13.32 118.2-7.412 149.3-61.24c5.664-9.828 20.02-9.516 24.66 .8282C502.7 76.76 512 121.9 512 165.4z\"><\/path><\/svg><\/div><\/div><div class=\"uagb-ifb-title-wrap\"><h5 class=\"uagb-ifb-title\">Natural materials<\/h5><\/div><p class=\"uagb-ifb-desc\">Strong, durable and safe components are used.<\/p><\/div><\/div>\n\n\n\n<div class=\"wp-block-uagb-info-box uagb-block-84665ea4 uagb-infobox__content-wrap  uagb-infobox-icon-above-title uagb-infobox-image-valign-top\"><div class=\"uagb-ifb-content\"><div class=\"uagb-ifb-icon-wrap\"><div class=\"uagb-iconbox-icon-wrap uagb-infobox-shape-circle\"><svg xmlns=\"https:\/\/www.w3.org\/2000\/svg\" viewbox=\"0 0 576 512\"><path d=\"M275.2 250.5c7 7.375 18.5 7.375 25.5 0l108.1-114.2c31.5-33.12 29.72-88.1-5.65-118.7c-30.88-26.75-76.75-21.9-104.9 7.724L287.1 36.91L276.8 25.28C248.7-4.345 202.7-9.194 171.1 17.56C136.7 48.18 134.7 103.2 166.4 136.3L275.2 250.5zM568.2 336.3c-13.12-17.81-38.14-21.66-55.93-8.469l-119.7 88.17h-120.6c-8.748 0-15.1-7.25-15.1-15.1c0-8.746 7.25-15.1 15.1-15.1h78.25c15.1 0 30.75-10.87 33.37-26.62c3.25-19.1-12.12-37.37-31.62-37.37H191.1c-26.1 0-53.12 9.25-74.12 26.25l-46.5 37.74l-55.37-.0253c-8.748 0-15.1 7.275-15.1 16.02L.0001 496C.0001 504.8 7.251 512 15.1 512h346.1c22.03 0 43.92-7.187 61.7-20.28l135.1-99.51C577.5 379.1 581.3 354.1 568.2 336.3z\"><\/path><\/svg><\/div><\/div><div class=\"uagb-ifb-title-wrap\"><h5 class=\"uagb-ifb-title\">For travel and everyday use<\/h5><\/div><p class=\"uagb-ifb-desc\">Easy to take along so your child always has something to do.<\/p><\/div><\/div>\n<\/div>\n<\/div><\/div>\n\n\n\n<div class=\"wp-block-uagb-container uagb-block-903e8ae4 alignfull uagb-is-root-container\"><div class=\"uagb-container-inner-blocks-wrap\">\n<div class=\"wp-block-uagb-advanced-heading uagb-block-65c9f9cf\"><h4 class=\"uagb-heading-text\">Follow us on @minihugz_<\/h4><\/div>\n\n\n\t\t\t\t\t<div\n\t\t\t\t\t\tclass=\"wp-block-uagb-image-gallery uagb-block-cb094aba\"\n\t\t\t\t\t\tstyle=\"\"\n\t\t\t\t\t>\n\t\t\t\t\t\t\t\t\t\t\t<div class=\"spectra-image-gallery spectra-image-gallery__layout--grid spectra-image-gallery__layout--grid-col-3 spectra-image-gallery__layout--grid-col-tab-3 spectra-image-gallery__layout--grid-col-mob-1\">\n\t\t\t\t\t\t\t\t\t\t\t<div class='spectra-image-gallery__media-wrapper' data-spectra-gallery-image-id='2549' tabindex=\"0\">\n\t\t\t\t\t\t\t<div class=\"spectra-image-gallery__media spectra-image-gallery__media--grid\">\n\t\t\t\t<picture>\n\t\t\t\t\t<source media=\"(min-width: 1024px)\" srcset=\"https:\/\/mlgzouu0auik.i.optimole.com\/cb:wy8s.36b\/w:auto\/h:auto\/q:mauto\/f:best\/https:\/\/minihugz.com\/wp-content\/uploads\/2025\/09\/image.png\">\n\t\t\t\t\t<source media=\"(min-width: 768px)\" srcset=\"https:\/\/mlgzouu0auik.i.optimole.com\/cb:wy8s.36b\/w:auto\/h:auto\/q:mauto\/f:best\/https:\/\/minihugz.com\/wp-content\/uploads\/2025\/09\/image.png\">\n\t\t\t\t\t<img data-opt-id=1114335232  fetchpriority=\"high\" decoding=\"async\" class=\"spectra-image-gallery__media-thumbnail spectra-image-gallery__media-thumbnail--grid\" src=\"https:\/\/mlgzouu0auik.i.optimole.com\/cb:wy8s.36b\/w:300\/h:289\/q:mauto\/f:best\/https:\/\/minihugz.com\/wp-content\/uploads\/2025\/09\/image.png\" alt=\"image\" loading=\"lazy\" title=\"About us\">\n\t\t\t\t<\/picture>\n\t\t\t\t<div class=\"spectra-image-gallery__media-thumbnail-blurrer\"><\/div>\n\t\t\t\t\t\t\t\t\t\t\t<div class=\"spectra-image-gallery__media-thumbnail-caption-wrapper spectra-image-gallery__media-thumbnail-caption-wrapper--overlay\"><\/div>\n\t\t\t\t\t\t\t\t<\/div>\n\t\t\t\t\t\t<\/div>\n\t\t\t\t\t\t<div class='spectra-image-gallery__media-wrapper' data-spectra-gallery-image-id='2547' tabindex=\"0\">\n\t\t\t\t\t\t\t<div class=\"spectra-image-gallery__media spectra-image-gallery__media--grid\">\n\t\t\t\t<picture>\n\t\t\t\t\t<source media=\"(min-width: 1024px)\" srcset=\"https:\/\/mlgzouu0auik.i.optimole.com\/cb:wy8s.36b\/w:auto\/h:auto\/q:mauto\/f:best\/https:\/\/minihugz.com\/wp-content\/uploads\/2025\/09\/image-2.png\">\n\t\t\t\t\t<source media=\"(min-width: 768px)\" srcset=\"https:\/\/mlgzouu0auik.i.optimole.com\/cb:wy8s.36b\/w:auto\/h:auto\/q:mauto\/f:best\/https:\/\/minihugz.com\/wp-content\/uploads\/2025\/09\/image-2.png\">\n\t\t\t\t\t<img data-opt-id=1116307449  fetchpriority=\"high\" decoding=\"async\" class=\"spectra-image-gallery__media-thumbnail spectra-image-gallery__media-thumbnail--grid\" src=\"https:\/\/mlgzouu0auik.i.optimole.com\/cb:wy8s.36b\/w:282\/h:300\/q:mauto\/f:best\/https:\/\/minihugz.com\/wp-content\/uploads\/2025\/09\/image-2.png\" alt=\"image (2)\" loading=\"lazy\" title=\"About us\">\n\t\t\t\t<\/picture>\n\t\t\t\t<div class=\"spectra-image-gallery__media-thumbnail-blurrer\"><\/div>\n\t\t\t\t\t\t\t\t\t\t\t<div class=\"spectra-image-gallery__media-thumbnail-caption-wrapper spectra-image-gallery__media-thumbnail-caption-wrapper--overlay\"><\/div>\n\t\t\t\t\t\t\t\t<\/div>\n\t\t\t\t\t\t<\/div>\n\t\t\t\t\t\t<div class='spectra-image-gallery__media-wrapper' data-spectra-gallery-image-id='2546' tabindex=\"0\">\n\t\t\t\t\t\t\t<div class=\"spectra-image-gallery__media spectra-image-gallery__media--grid\">\n\t\t\t\t<picture>\n\t\t\t\t\t<source media=\"(min-width: 1024px)\" srcset=\"https:\/\/mlgzouu0auik.i.optimole.com\/cb:wy8s.36b\/w:auto\/h:auto\/q:mauto\/f:best\/https:\/\/minihugz.com\/wp-content\/uploads\/2025\/09\/image-3.png\">\n\t\t\t\t\t<source media=\"(min-width: 768px)\" srcset=\"https:\/\/mlgzouu0auik.i.optimole.com\/cb:wy8s.36b\/w:auto\/h:auto\/q:mauto\/f:best\/https:\/\/minihugz.com\/wp-content\/uploads\/2025\/09\/image-3.png\">\n\t\t\t\t\t<img data-opt-id=170704828  data-opt-src=\"https:\/\/mlgzouu0auik.i.optimole.com\/cb:wy8s.36b\/w:274\/h:300\/q:mauto\/f:best\/https:\/\/minihugz.com\/wp-content\/uploads\/2025\/09\/image-3.png\"  decoding=\"async\" class=\"spectra-image-gallery__media-thumbnail spectra-image-gallery__media-thumbnail--grid\" src=\"data:image/svg+xml,%3Csvg%20viewBox%3D%220%200%20274%20300%22%20width%3D%22274%22%20height%3D%22300%22%20xmlns%3D%22http%3A%2F%2Fwww.w3.org%2F2000%2Fsvg%22%3E%3Crect%20width%3D%22274%22%20height%3D%22300%22%20fill%3D%22transparent%22%2F%3E%3C%2Fsvg%3E\" alt=\"image (3)\" loading=\"lazy\" title=\"About us\">\n\t\t\t\t<\/picture>\n\t\t\t\t<div class=\"spectra-image-gallery__media-thumbnail-blurrer\"><\/div>\n\t\t\t\t\t\t\t\t\t\t\t<div class=\"spectra-image-gallery__media-thumbnail-caption-wrapper spectra-image-gallery__media-thumbnail-caption-wrapper--overlay\"><\/div>\n\t\t\t\t\t\t\t\t<\/div>\n\t\t\t\t\t\t<\/div>\n\t\t\t\t\t\t<div class='spectra-image-gallery__media-wrapper' data-spectra-gallery-image-id='2545' tabindex=\"0\">\n\t\t\t\t\t\t\t<div class=\"spectra-image-gallery__media spectra-image-gallery__media--grid\">\n\t\t\t\t<picture>\n\t\t\t\t\t<source media=\"(min-width: 1024px)\" srcset=\"https:\/\/mlgzouu0auik.i.optimole.com\/cb:wy8s.36b\/w:auto\/h:auto\/q:mauto\/f:best\/https:\/\/minihugz.com\/wp-content\/uploads\/2025\/09\/image-4.png\">\n\t\t\t\t\t<source media=\"(min-width: 768px)\" srcset=\"https:\/\/mlgzouu0auik.i.optimole.com\/cb:wy8s.36b\/w:auto\/h:auto\/q:mauto\/f:best\/https:\/\/minihugz.com\/wp-content\/uploads\/2025\/09\/image-4.png\">\n\t\t\t\t\t<img data-opt-id=952088242  data-opt-src=\"https:\/\/mlgzouu0auik.i.optimole.com\/cb:wy8s.36b\/w:286\/h:300\/q:mauto\/f:best\/https:\/\/minihugz.com\/wp-content\/uploads\/2025\/09\/image-4.png\"  decoding=\"async\" class=\"spectra-image-gallery__media-thumbnail spectra-image-gallery__media-thumbnail--grid\" src=\"data:image/svg+xml,%3Csvg%20viewBox%3D%220%200%20286%20300%22%20width%3D%22286%22%20height%3D%22300%22%20xmlns%3D%22http%3A%2F%2Fwww.w3.org%2F2000%2Fsvg%22%3E%3Crect%20width%3D%22286%22%20height%3D%22300%22%20fill%3D%22transparent%22%2F%3E%3C%2Fsvg%3E\" alt=\"image (4)\" loading=\"lazy\" title=\"About us\">\n\t\t\t\t<\/picture>\n\t\t\t\t<div class=\"spectra-image-gallery__media-thumbnail-blurrer\"><\/div>\n\t\t\t\t\t\t\t\t\t\t\t<div class=\"spectra-image-gallery__media-thumbnail-caption-wrapper spectra-image-gallery__media-thumbnail-caption-wrapper--overlay\"><\/div>\n\t\t\t\t\t\t\t\t<\/div>\n\t\t\t\t\t\t<\/div>\n\t\t\t\t\t\t<div class='spectra-image-gallery__media-wrapper' data-spectra-gallery-image-id='2116' tabindex=\"0\">\n\t\t\t\t\t\t\t<div class=\"spectra-image-gallery__media spectra-image-gallery__media--grid\">\n\t\t\t\t<picture>\n\t\t\t\t\t<source media=\"(min-width: 1024px)\" srcset=\"https:\/\/mlgzouu0auik.i.optimole.com\/cb:wy8s.36b\/w:1024\/h:1024\/q:mauto\/f:best\/https:\/\/minihugz.com\/wp-content\/uploads\/2025\/09\/1211722023de0001_10_1080-1.jpg\">\n\t\t\t\t\t<source media=\"(min-width: 768px)\" srcset=\"https:\/\/mlgzouu0auik.i.optimole.com\/cb:wy8s.36b\/w:1024\/h:1024\/q:mauto\/f:best\/https:\/\/minihugz.com\/wp-content\/uploads\/2025\/09\/1211722023de0001_10_1080-1.jpg\">\n\t\t\t\t\t<img data-opt-id=1417765566  data-opt-src=\"https:\/\/mlgzouu0auik.i.optimole.com\/cb:wy8s.36b\/w:300\/h:300\/q:mauto\/rt:fill\/g:ce\/f:best\/https:\/\/minihugz.com\/wp-content\/uploads\/2025\/09\/1211722023de0001_10_1080-1.jpg\"  decoding=\"async\" class=\"spectra-image-gallery__media-thumbnail spectra-image-gallery__media-thumbnail--grid\" src=\"data:image/svg+xml,%3Csvg%20viewBox%3D%220%200%20300%20300%22%20width%3D%22300%22%20height%3D%22300%22%20xmlns%3D%22http%3A%2F%2Fwww.w3.org%2F2000%2Fsvg%22%3E%3Crect%20width%3D%22300%22%20height%3D%22300%22%20fill%3D%22transparent%22%2F%3E%3C%2Fsvg%3E\" alt=\"lavinamasis \u017eaislas \u201ezuikio mamyt\u0117\u201c\" loading=\"lazy\" title=\"About us\">\n\t\t\t\t<\/picture>\n\t\t\t\t<div class=\"spectra-image-gallery__media-thumbnail-blurrer\"><\/div>\n\t\t\t\t\t\t\t\t\t\t\t<div class=\"spectra-image-gallery__media-thumbnail-caption-wrapper spectra-image-gallery__media-thumbnail-caption-wrapper--overlay\"><\/div>\n\t\t\t\t\t\t\t\t<\/div>\n\t\t\t\t\t\t<\/div>\n\t\t\t\t\t\t<div class='spectra-image-gallery__media-wrapper' data-spectra-gallery-image-id='2100' tabindex=\"0\">\n\t\t\t\t\t\t\t<div class=\"spectra-image-gallery__media spectra-image-gallery__media--grid\">\n\t\t\t\t<picture>\n\t\t\t\t\t<source media=\"(min-width: 1024px)\" srcset=\"https:\/\/mlgzouu0auik.i.optimole.com\/cb:wy8s.36b\/w:1024\/h:1024\/q:mauto\/f:best\/https:\/\/minihugz.com\/wp-content\/uploads\/2025\/09\/1211722023de0001_11_1500.jpg\">\n\t\t\t\t\t<source media=\"(min-width: 768px)\" srcset=\"https:\/\/mlgzouu0auik.i.optimole.com\/cb:wy8s.36b\/w:1024\/h:1024\/q:mauto\/f:best\/https:\/\/minihugz.com\/wp-content\/uploads\/2025\/09\/1211722023de0001_11_1500.jpg\">\n\t\t\t\t\t<img data-opt-id=991660215  data-opt-src=\"https:\/\/mlgzouu0auik.i.optimole.com\/cb:wy8s.36b\/w:300\/h:300\/q:mauto\/rt:fill\/g:ce\/f:best\/https:\/\/minihugz.com\/wp-content\/uploads\/2025\/09\/1211722023de0001_11_1500.jpg\"  decoding=\"async\" class=\"spectra-image-gallery__media-thumbnail spectra-image-gallery__media-thumbnail--grid\" src=\"data:image/svg+xml,%3Csvg%20viewBox%3D%220%200%20300%20300%22%20width%3D%22300%22%20height%3D%22300%22%20xmlns%3D%22http%3A%2F%2Fwww.w3.org%2F2000%2Fsvg%22%3E%3Crect%20width%3D%22300%22%20height%3D%22300%22%20fill%3D%22transparent%22%2F%3E%3C%2Fsvg%3E\" alt=\"lavinamasis \u017eaislas \u201ezuikio mamyt\u0117\u201c\" loading=\"lazy\" title=\"About us\">\n\t\t\t\t<\/picture>\n\t\t\t\t<div class=\"spectra-image-gallery__media-thumbnail-blurrer\"><\/div>\n\t\t\t\t\t\t\t\t\t\t\t<div class=\"spectra-image-gallery__media-thumbnail-caption-wrapper spectra-image-gallery__media-thumbnail-caption-wrapper--overlay\"><\/div>\n\t\t\t\t\t\t\t\t<\/div>\n\t\t\t\t\t\t<\/div>\n\t\t\t\t\t\t\t\t\t\t<\/div>\n\t\t\t\t\t\t\t\t\t\t\t\t\t\t\t\t\t\t<\/div>\n\t\t\t\t\t\t\t\t\t<\/div><\/div>\n\n\n\n<div class=\"wp-block-columns is-layout-flex wp-container-core-columns-is-layout-28f84493 wp-block-columns-is-layout-flex\">\n<div class=\"wp-block-column is-layout-flow wp-block-column-is-layout-flow\">\n<div class=\"wp-block-uagb-info-box uagb-block-349d2474 uagb-infobox__content-wrap  uagb-infobox-icon-left uagb-infobox-left uagb-infobox-stacked-mobile uagb-infobox-image-valign-top\"><div class=\"uagb-ifb-icon-wrap\"><div class=\"uagb-iconbox-icon-wrap uagb-infobox-shape-circle\"><svg xmlns=\"https:\/\/www.w3.org\/2000\/svg\" viewbox=\"0 0 640 512\"><path d=\"M368 0C394.5 0 416 21.49 416 48V96H466.7C483.7 96 499.1 102.7 512 114.7L589.3 192C601.3 204 608 220.3 608 237.3V352C625.7 352 640 366.3 640 384C640 401.7 625.7 416 608 416H576C576 469 533 512 480 512C426.1 512 384 469 384 416H256C256 469 213 512 160 512C106.1 512 64 469 64 416H48C21.49 416 0 394.5 0 368V48C0 21.49 21.49 0 48 0H368zM416 160V256H544V237.3L466.7 160H416zM160 368C133.5 368 112 389.5 112 416C112 442.5 133.5 464 160 464C186.5 464 208 442.5 208 416C208 389.5 186.5 368 160 368zM480 464C506.5 464 528 442.5 528 416C528 389.5 506.5 368 480 368C453.5 368 432 389.5 432 416C432 442.5 453.5 464 480 464z\"><\/path><\/svg><\/div><\/div><div class=\"uagb-ifb-content\"><div class=\"uagb-ifb-title-wrap\"><h6 class=\"uagb-ifb-title\"><br>Fast Delivery<\/h6><\/div><\/div><\/div>\n<\/div>\n\n\n\n<div class=\"wp-block-column is-layout-flow wp-block-column-is-layout-flow\">\n<div class=\"wp-block-uagb-info-box uagb-block-52ce00df uagb-infobox__content-wrap  uagb-infobox-icon-left uagb-infobox-left uagb-infobox-stacked-mobile uagb-infobox-image-valign-top\"><div class=\"uagb-ifb-icon-wrap\"><div class=\"uagb-iconbox-icon-wrap uagb-infobox-shape-circle\"><svg xmlns=\"https:\/\/www.w3.org\/2000\/svg\" viewbox=\"0 0 576 512\"><path d=\"M512 32C547.3 32 576 60.65 576 96V128H0V96C0 60.65 28.65 32 64 32H512zM576 416C576 451.3 547.3 480 512 480H64C28.65 480 0 451.3 0 416V224H576V416zM112 352C103.2 352 96 359.2 96 368C96 376.8 103.2 384 112 384H176C184.8 384 192 376.8 192 368C192 359.2 184.8 352 176 352H112zM240 384H368C376.8 384 384 376.8 384 368C384 359.2 376.8 352 368 352H240C231.2 352 224 359.2 224 368C224 376.8 231.2 384 240 384z\"><\/path><\/svg><\/div><\/div><div class=\"uagb-ifb-content\"><div class=\"uagb-ifb-title-wrap\"><h6 class=\"uagb-ifb-title\"><br>Safe Payments<\/h6><\/div><\/div><\/div>\n<\/div>\n\n\n\n<div class=\"wp-block-column is-layout-flow wp-block-column-is-layout-flow\">\n<div class=\"wp-block-uagb-info-box uagb-block-a9a125c9 uagb-infobox__content-wrap  uagb-infobox-icon-left uagb-infobox-left uagb-infobox-stacked-mobile uagb-infobox-image-valign-top\"><div class=\"uagb-ifb-icon-wrap\"><div class=\"uagb-iconbox-icon-wrap uagb-infobox-shape-circle\"><svg xmlns=\"https:\/\/www.w3.org\/2000\/svg\" viewbox=\"0 0 512 512\"><path d=\"M256 0C114.6 0 0 114.6 0 256s114.6 256 256 256s256-114.6 256-256S397.4 0 256 0zM256 400c-18 0-32-14-32-32s13.1-32 32-32c17.1 0 32 14 32 32S273.1 400 256 400zM325.1 258L280 286V288c0 13-11 24-24 24S232 301 232 288V272c0-8 4-16 12-21l57-34C308 213 312 206 312 198C312 186 301.1 176 289.1 176h-51.1C225.1 176 216 186 216 198c0 13-11 24-24 24s-24-11-24-24C168 159 199 128 237.1 128h51.1C329 128 360 159 360 198C360 222 347 245 325.1 258z\"><\/path><\/svg><\/div><\/div><div class=\"uagb-ifb-content\"><div class=\"uagb-ifb-title-wrap\"><h6 class=\"uagb-ifb-title\"><br>Have questions?<\/h6><\/div><\/div><\/div>\n<\/div>\n<\/div>","protected":false},"excerpt":{"rendered":"<p>M\u016bs\u0173 istorija Id\u0117ja gim\u0117 keliaujant \u2013 da\u017enai matydavome t\u0117vus, kurie l\u0117ktuve, automobilyje ar traukinyje stengdavosi u\u017eimti savo vaikus. Nor\u0117josi rasti sprendim\u0105, kuris ne tik suteikt\u0173 pramog\u0105, bet ir pad\u0117t\u0173 vaikui tobul\u0117ti kasdien \u2013 mokantis raid\u017ei\u0173, skai\u010di\u0173, ugdant r\u016bpestingum\u0105, atsakomyb\u0119 ir kantryb\u0119. Tod\u0117l si\u016blome lavinamuosius \u017eaislus, tarp j\u0173 ir Montessori tipo \u017eaislus, kurie skatina vaikus nuo [&hellip;]<\/p>","protected":false},"author":1,"featured_media":0,"parent":0,"menu_order":0,"comment_status":"closed","ping_status":"closed","template":"","meta":{"_uag_custom_page_level_css":"","site-sidebar-layout":"no-sidebar","site-content-layout":"page-builder","ast-site-content-layout":"full-width-container","site-content-style":"unboxed","site-sidebar-style":"unboxed","ast-global-header-display":"","ast-banner-title-visibility":"","ast-main-header-display":"","ast-hfb-above-header-display":"","ast-hfb-below-header-display":"","ast-hfb-mobile-header-display":"","site-post-title":"disabled","ast-breadcrumbs-content":"disabled","ast-featured-img":"disabled","footer-sml-layout":"","theme-transparent-header-meta":"enabled","adv-header-id-meta":"","stick-header-meta":"","header-above-stick-meta":"","header-main-stick-meta":"","header-below-stick-meta":"","astra-migrate-meta-layouts":"set","ast-page-background-enabled":"default","ast-page-background-meta":{"desktop":{"background-color":"var(--ast-global-color-4)","background-image":"","background-repeat":"repeat","background-position":"center center","background-size":"auto","background-attachment":"scroll","background-type":"","background-media":"","overlay-type":"","overlay-color":"","overlay-opacity":"","overlay-gradient":""},"tablet":{"background-color":"","background-image":"","background-repeat":"repeat","background-position":"center center","background-size":"auto","background-attachment":"scroll","background-type":"","background-media":"","overlay-type":"","overlay-color":"","overlay-opacity":"","overlay-gradient":""},"mobile":{"background-color":"","background-image":"","background-repeat":"repeat","background-position":"center center","background-size":"auto","background-attachment":"scroll","background-type":"","background-media":"","overlay-type":"","overlay-color":"","overlay-opacity":"","overlay-gradient":""}},"ast-content-background-meta":{"desktop":{"background-color":"var(--ast-global-color-5)","background-image":"","background-repeat":"repeat","background-position":"center center","background-size":"auto","background-attachment":"scroll","background-type":"","background-media":"","overlay-type":"","overlay-color":"","overlay-opacity":"","overlay-gradient":""},"tablet":{"background-color":"var(--ast-global-color-5)","background-image":"","background-repeat":"repeat","background-position":"center center","background-size":"auto","background-attachment":"scroll","background-type":"","background-media":"","overlay-type":"","overlay-color":"","overlay-opacity":"","overlay-gradient":""},"mobile":{"background-color":"var(--ast-global-color-5)","background-image":"","background-repeat":"repeat","background-position":"center center","background-size":"auto","background-attachment":"scroll","background-type":"","background-media":"","overlay-type":"","overlay-color":"","overlay-opacity":"","overlay-gradient":""}},"footnotes":""},"class_list":["post-1116","page","type-page","status-publish","hentry"],"aioseo_notices":[],"_hostinger_reach_plugin_has_subscription_block":false,"_hostinger_reach_plugin_is_elementor":false,"uagb_featured_image_src":{"full":false,"thumbnail":false,"medium":false,"medium_large":false,"large":false,"1536x1536":false,"2048x2048":false,"trp-custom-language-flag":false,"woocommerce_thumbnail":false,"woocommerce_single":false,"woocommerce_gallery_thumbnail":false},"uagb_author_info":{"display_name":"godavaskeviciute@gmail.com","author_link":"https:\/\/minihugz.com\/en\/author\/godavaskeviciutegmail-com\/"},"uagb_comment_info":0,"uagb_excerpt":"M\u016bs\u0173 istorija Id\u0117ja gim\u0117 keliaujant \u2013 da\u017enai matydavome t\u0117vus, kurie l\u0117ktuve, automobilyje ar traukinyje stengdavosi u\u017eimti savo vaikus. Nor\u0117josi rasti sprendim\u0105, kuris ne tik suteikt\u0173 pramog\u0105, bet ir pad\u0117t\u0173 vaikui tobul\u0117ti kasdien \u2013 mokantis raid\u017ei\u0173, skai\u010di\u0173, ugdant r\u016bpestingum\u0105, atsakomyb\u0119 ir kantryb\u0119. Tod\u0117l si\u016blome lavinamuosius \u017eaislus, tarp j\u0173 ir Montessori tipo \u017eaislus, kurie skatina vaikus nuo&hellip;","_links":{"self":[{"href":"https:\/\/minihugz.com\/en\/wp-json\/wp\/v2\/pages\/1116","targetHints":{"allow":["GET"]}}],"collection":[{"href":"https:\/\/minihugz.com\/en\/wp-json\/wp\/v2\/pages"}],"about":[{"href":"https:\/\/minihugz.com\/en\/wp-json\/wp\/v2\/types\/page"}],"author":[{"embeddable":true,"href":"https:\/\/minihugz.com\/en\/wp-json\/wp\/v2\/users\/1"}],"replies":[{"embeddable":true,"href":"https:\/\/minihugz.com\/en\/wp-json\/wp\/v2\/comments?post=1116"}],"version-history":[{"count":7,"href":"https:\/\/minihugz.com\/en\/wp-json\/wp\/v2\/pages\/1116\/revisions"}],"predecessor-version":[{"id":2800,"href":"https:\/\/minihugz.com\/en\/wp-json\/wp\/v2\/pages\/1116\/revisions\/2800"}],"wp:attachment":[{"href":"https:\/\/minihugz.com\/en\/wp-json\/wp\/v2\/media?parent=1116"}],"curies":[{"name":"wp","href":"https:\/\/api.w.org\/{rel}","templated":true}]}}