{"id":3,"date":"2025-08-17T13:03:15","date_gmt":"2025-08-17T13:03:15","guid":{"rendered":"http:\/\/minihugz.com\/?page_id=3"},"modified":"2025-09-26T17:59:15","modified_gmt":"2025-09-26T14:59:15","slug":"privacy-policy","status":"publish","type":"page","link":"https:\/\/minihugz.com\/en\/privacy-policy\/","title":{"rendered":"Preki\u0173 pirkimo \u2013 pardavimo taisykl\u0117s"},"content":{"rendered":"<p>Bendrosios nuostatos<br>1.1. \u0160ios preki\u0173 pirkimo \u2013 pardavimo taisykl\u0117s (toliau \u201eTaisykl\u0117s\u201c), jas patvirtinus Pirk\u0117jui (susipa\u017einus su Taisykl\u0117mis ir t\u0119siant registracij\u0105 arba u\u017esakym\u0105), yra \u0161alims privalomas teisinis dokumentas, kuriame nustatomos Pirk\u0117jo ir Pardav\u0117jo teis\u0117s bei pareigos, preki\u0173 \u012fsigijimo bei apmok\u0117jimo u\u017e jas s\u0105lygos, preki\u0173<br>pristatymo ir gr\u0105\u017einimo tvarka, \u0161ali\u0173 atsakomyb\u0117, asmens duomen\u0173 apsauga bei kitos su preki\u0173 pirkimu \u2013 pardavimu MINIHUGZ.COM internetin\u0117je parduotuv\u0117je \u00a0susijusios nuostatos.<br>1.2. Pardav\u0117jas pasilieka teis\u0119 bet kuriuo metu pakeisti, pataisyti ar papildyti Taisykles. Taisykli\u0173 pakeitimas galioja tik t\u0173 u\u017esakom\u0173 preki\u0173 at\u017evilgiu, kurie buvo pateikti po Taisykli\u0173 pakeitimo.\u00a0<br>1.3. Pirkti m\u016bs\u0173 elektronin\u0117je parduotuv\u0117je turi teis\u0119 veiksn\u016bs fiziniai asmenys; nepilname\u010diai nuo keturiolikos iki a\u0161tuoniolikos met\u0173 am\u017eiaus, tik tur\u0117dami t\u0117v\u0173 arba r\u016bpintoj\u0173 sutikim\u0105, i\u0161skyrus tuos atvejus, kai jie savaranki\u0161kai disponuoja savo pajamomis; juridiniai asmenys.<br>\u00a0<\/p>\n\n\n\n<p>Pirkimo \u2013 pardavimo sutarties \u012fsigaliojimas<br>2.1.\u00a0Sutartis tarp Pirk\u0117jo ir Pardav\u0117jo laikoma sudaryta nuo to momento, kai Pirk\u0117jas gauna pirkimo pardavimo patvirtinim\u0105 u\u017e savo prekes.<br>2.2. Sutartis tarp\u00a0elektronin\u0117s parduotuv\u0117s\u00a0Pirk\u0117jo ir Pardav\u0117jo laikoma sudaryta nuo to momento, kai Pirk\u0117jas, i\u0161sirink\u0119s perkam\u0105 (-as) prek\u0119 (-es) ir suformav\u0119s preki\u0173 krep\u0161el\u012f, paspaud\u017eia nuorod\u0105 \u201eU\u017esakyti\u201c.<br>2.3. MINIHUGZ.COM n\u0117ra \u012fsipareigojusi atskirai prane\u0161ti Pirk\u0117jui apie savo sutikim\u0105 sudaryti sutart\u012f. Laikoma, kad MINIHUGZ.COM patvirtina u\u017esakym\u0105 nuo momento, kai pradeda j\u012f vykdyti.<br>2.4. Kiekviena tarp Pirk\u0117jo ir Pardav\u0117jo sudaryta pirkimo \u2013 pardavimo sutartis yra registruojama ir saugoma MINIHUGZ.COM internetin\u0117s parduotuv\u0117s duomen\u0173 baz\u0117je.<br>\u00a0<\/p>\n\n\n\n<p>Pirk\u0117jo teis\u0117s<br>3.1. Pirk\u0117jas turi teis\u0119 pirkti prekes\u00a0MINIHUGZ.COM internetin\u0117je parduotuv\u0117je \u0161i\u0173 Taisykli\u0173 ir internetin\u0117s parduotuv\u0117s nustatyta tvarka.<br>3.2. Pirk\u0117jas turi teis\u0119 atsisakyti preki\u0173 pirkimo \u2013 pardavimo sutarties, sudarytos MINIHUGZ.COM internetine parduotuve, prane\u0161damas apie tai Pardav\u0117jui ra\u0161tu (elektroniniu pa\u0161tu, nurodant u\u017esakymo numer\u012f) ne v\u0117liau kaip per 14 (keturiolika) dien\u0173, terminas pradedamas skai\u010diuoti, kai Pirk\u0117jui pristatomos visos u\u017esakymo siuntos ir 4.6.Taisykli\u0173 punkte numatyta tvarka gr\u0105\u017eina prek\u0119 (-es), \u012fsigytas pagal sudaryt\u0105 sutart\u012f.<br>3.3. Pirk\u0117jui, pirkusiam prekes internetin\u0117je parduotuv\u0117je \u00a0MINIHUGZ.COM,\u00a0teis\u0117 atsisakyti perkamos prek\u0117s galioja visais atvejais, i\u0161skyrus Lietuvos respublikos civilinio kodekso (toliau &#8211; Civilinis kodeksas) 6.228 straipsnio 2 dalyje numatytas i\u0161imtis.<br>3.4. Numatyta preki\u0173 gr\u0105\u017einimo teise Pirk\u0117jas gali pasinaudoti tik tuo atveju, jeigu prek\u0117 nebuvo sugadinta, nepa\u017eeista pakuot\u0117 arba i\u0161 esm\u0117s nepasikeit\u0117 jos i\u0161vaizda, taip pat ji nebuvo naudojama. Taisykli\u0173 3.3. punkte numatyta Pirk\u0117jo teis\u0117 \u012fgyvendinama vadovaujantis Lietuvos Respublikos<br>Vyriausyb\u0117s 2014 m. liepos 22 d. nutarimu Nr. 738 \u201cD\u0117l Lietuvos Respublikos Vyriausyb\u0117s 2001 m. bir\u017eelio 11 d. nutarimo Nr. 697 \u201cD\u0117l ma\u017emenin\u0117s prekybos taisykli\u0173 patvirtinimo\u201d pakeitimo ir Civilinio kodekso 6.22810 ir 6.22811 straipsniuose nustatyta tvarka.\u00a0<br>3.5. Pra\u0161ym\u0105\/skund\u0105 d\u0117l elektronin\u0117je parduotuv\u0117je \u012fsigytos prek\u0117s gali pateikti Valstybinei vartotoj\u0173 teisi\u0173 apsaugos tarnybai (Vilniaus g. 25, 01402 Vilnius, el. p.\u00a0tarnyba@vvtat.lt, tel. 8 5 262 67 51, faks. 8 5 279 14 66, interneto svetain\u0117 www.vvtat.lt) ar u\u017epildyti pra\u0161ymo form\u0105 EGS platformoje http:\/\/ec.europa.eu\/odr\/\u00a0<br>\u00a0<\/p>\n\n\n\n<p>Pirk\u0117jo \u012fsipareigojimai<br>4.1. Pirk\u0117jas privalo priimti prekes \u0161i\u0173 Taisykli\u0173 nustatyta tvarka ir sumok\u0117ti u\u017e jas sutart\u0105 sum\u0105.<br>4.2. Jeigu pasikei\u010dia Pirk\u0117jo registracijos formoje pateikti duomenys, jis privalo nedelsdamas juos atnaujinti.<br>4.3. Pirk\u0117jas, naudodamasis MINIHUGZ.COM internetine parduotuve, \u012fsipareigoja laikytis \u0161i\u0173 Taisykli\u0173, bei nepa\u017eeisti Lietuvos Respublikos teis\u0117s akt\u0173.<br>4.4. Jei Pirk\u0117jas, preki\u0173 pristatymo metu, be svarbi\u0173 prie\u017eas\u010di\u0173 atsisako priimti prekes, Pirk\u0117jas privalo padengti preki\u0173 pristatymo i\u0161laidas.<br>4.5. Jei Pirk\u0117jas nusprend\u017eia atsisakyti tinkamos kokyb\u0117s preki\u0173, nedelsdamas ir ne v\u0117liau kaip per 14 (keturiolika) dien\u0173 nuo prane\u0161imo apie sutarties atsisakym\u0105 pateikimo Pardav\u0117jui dienos turi i\u0161si\u0173sti arba pristatyti prekes Pardav\u0117jui. \u0160iuo atveju visos siuntimo ir pristatymo i\u0161laidos tenka Pirk\u0117jui. \u00a0<\/p>\n\n\n\n<ol start=\"5\" class=\"wp-block-list\">\n<li>Pardav\u0117jo teis\u0117s<br>5.1. Jei Pirk\u0117jas bando pakenkti internetin\u0117s parduotuv\u0117s darbo stabilumui ir saugumui ar pa\u017eeid\u017eia savo \u012fsipareigojimus, Pardav\u0117jas turi teis\u0119 nedelsiant ir be persp\u0117jimo apriboti ar sustabdyti jam galimyb\u0119 naudotis internetine parduotuve.<br>5.2. Susidarius svarbioms aplinkyb\u0117ms, Pardav\u0117jas gali laikinai arba i\u0161 viso nutraukti internetin\u0117s parduotuv\u0117s veikl\u0105, apie tai i\u0161 anksto neprane\u0161\u0119 Pirk\u0117jui.<br>5.3. Pardav\u0117jas turi teis\u0119 i\u0161 anksto neprane\u0161\u0119s Pirk\u0117jui anuliuoti jo u\u017esakym\u0105, jeigu Pirk\u0117jas, pasirink\u0119s atsiskaitymo ne grynaisiais pinigais numatytus apmok\u0117jimo b\u016bdus, nesumoka u\u017e prekes per 2 (dvi) darbo dienas.<br>5.4. MINIHUGZ.COM turi teis\u0119 visais atvejais nesudaryti Pirkimo-pardavimo sutarties su konkre\u010diu Pirk\u0117ju, pateikusiu u\u017esakym\u0105, \u012fskaitant, bet neapsiribojant tuos atvejus, kai Pirk\u0117jas atsisak\u0117 Pirkimo-pardavimo sutarties ir gr\u0105\u017eino prekes 2 ir daugiau kart\u0173 per paskutinius 9 m\u0117nesius.<br>5.5. MINIHUGZ.COM turi teis\u0119 atsisakyti sudarytos Pirkimo-pardavimo sutarties, jei baig\u0117si sutartyje nurodyt\u0173 preki\u0173 atsargos, taip pat, jei sutartis buvo sudaryta asmens, kuris remiantis \u0161iomis Taisykl\u0117mis netur\u0117jo teis\u0117s sudaryti sutarties.<br>\u00a0<\/li>\n\n\n\n<li>Pardav\u0117jo \u012fsipareigojimai<br>6.1. Pardav\u0117jas \u012fsipareigoja \u0161iose Taisykl\u0117se ir internetin\u0117je parduotuv\u0117je nustatytomis s\u0105lygomis sudaryti Pirk\u0117jui galimyb\u0119 naudotis internetin\u0117s MINIHUGZ.COM teikiamomis paslaugomis.<br>6.2. Pardav\u0117jas \u012fsipareigoja pristatyti Pirk\u0117jo u\u017esakytas prekes jo nurodytu adresu ir \u0161iose Taisykl\u0117se nurodytomis s\u0105lygomis.<br>6.3. Pardav\u0117jas, d\u0117l svarbi\u0173 aplinkybi\u0173 negal\u0117damas pristatyti Pirk\u0117jui u\u017esakytos prek\u0117s, \u012fsipareigoja pasi\u016blyti analogi\u0161k\u0105 ar kiek \u012fmanoma savo savyb\u0117mis pana\u0161esn\u0119 prek\u0119. Pirk\u0117jui atsisakius priimti analogi\u0161k\u0105 ar savo savyb\u0117mis pana\u0161iausi\u0105 prek\u0119, arba Pardav\u0117jui neturint alternatyvos pasi\u016blymo,<br>Pardav\u0117jas \u012fsipareigoja gr\u0105\u017einti Pirk\u0117jui sumok\u0117tus pinigus\u00a0per 10 (de\u0161imt) darbo dien\u0173 nuo gr\u0105\u017einimo patvirtinimo, jeigu buvo atliktas i\u0161ankstinis apmok\u0117jimas.<br>6.4. Pardav\u0117jas \u012fsipareigoja gerbti Pirk\u0117jo privatumo teis\u0119 \u012f jam priklausan\u010di\u0105 asmenin\u0119 informacij\u0105, nurodyt\u0105 internetin\u0117s parduotuv\u0117s registracijos formoje, i\u0161skyrus Lietuvos Respublikos \u012fstatymuose nustatytus atvejus.<br>\u00a0<\/li>\n\n\n\n<li>Preki\u0173 kainos, apmok\u0117jimo tvarka ir terminai<br>7.1. Preki\u0173 kainos internetin\u0117je parduotuv\u0117je ir suformuotame u\u017esakyme nurodomos eurais su PVM. Pardav\u0117jas pasilieka teis\u0119 keisti preki\u0173 kainas pasikeitus mokes\u010di\u0173 dyd\u017eiams, taip pat tais atvejais kai gamintojas \/ tiek\u0117jas kei\u010dia preki\u0173 kainodar\u0105.<br>7.2. Pirk\u0117jas atsiskaito u\u017e prekes vienu i\u0161 \u0161i\u0173 b\u016bd\u0173:<br>7.2.1. Apmok\u0117jimas banko pavedimu \u2013 tai i\u0161ankstinis apmok\u0117jimas, kai Pirk\u0117jas, tiesiog pasinaudoj\u0119s internetin\u0117s bankininkyst\u0117s sistema, perveda pinigus \u012f MINIHUGZ.COM banko s\u0105skaita.<br>7.2.2\u00a0Apmok\u0117jimas vykdomas internetine bankininkyste, elektroniniais pinigais ar kitomis mok\u0117jimo sistemomis.<\/li>\n\n\n\n<li id=\"pristatymas\">Preki\u0173 pristatymas<br>8.1. Prekes pristato Pardav\u0117jas arba jo \u012fgaliotas atstovas.<br>8.2. Pardav\u0117jas \u012fsipareigoja pristatyti prekes Pirk\u0117jui laikydamasis preki\u0173 pristatymo termin\u0173 nurodyt\u0173 elektronin\u0117s parduotuves \u00a0PRISTATYMO INFORMACIJA skiltyje. \u0160ie terminai netaikomi tais atvejais, kai Pardav\u0117jo sand\u0117lyje n\u0117ra reikiam\u0173 preki\u0173, o Pirk\u0117jas informuojamas apie jo u\u017esakyt\u0173 preki\u0173 tr\u016bkum\u0105. Kartu Pirk\u0117jas sutinka, jog i\u0161imtinais atvejais preki\u0173 pristatymas gali v\u0117luoti d\u0117l Force Majeure aplinkybi\u0173.<br>8.3. Pirk\u0117jas, u\u017esakydamas prekes, \u012fsipareigoja nurodyti tiksli\u0105 preki\u0173 pristatymo viet\u0105.<br>8.4. Pirk\u0117jas \u012fsipareigoja prekes priimti pats. Tuo atveju, kai jis preki\u0173 pats priimti negali, o prek\u0117s pristatytos nurodytu adresu ir remiantis kitais Pirk\u0117jo pateiktais duomenimis, Pirk\u0117jas neturi teis\u0117s reik\u0161ti Pardav\u0117jui pretenzij\u0173 d\u0117l preki\u0173 pristatymo netinkamam subjektui.<br>8.5. Preki\u0173 pristatymo metu Pirk\u0117jas privalo kartu su Pardav\u0117ju arba jo \u012fgaliotu atstovu patikrinti siuntos b\u016bkl\u0119. Pirk\u0117jui pasira\u0161ius s\u0105skaitoje-fakt\u016broje (va\u017etara\u0161tyje) ar kitame siuntos perdavimo \u2013 pri\u0117mimo dokumente, laikoma, kad siunta yra perduota tinkamos b\u016bkl\u0117s.<br>8.6. Preki\u0173 pristatymo mokestis ir detalesn\u0117 informacija, susijusi su preki\u0173 pristatymu, pateikiama internetin\u0117s parduotuv\u0117s \u201ePristatymo informacija\u201c skyriuje.<\/li>\n<\/ol>\n\n\n\n<p>8.7. Tuo atveju, kai Pirk\u0117jas, remdamasis \u0161iomis Taisykl\u0117mis, atsisako pirkimo \u2013 pardavimo sutarties, jam tenka pareiga apmok\u0117ti visas tiesiogines preki\u0173 gr\u0105\u017einimo Pardav\u0117jui i\u0161laidas. \u0160i\u0173 Pardav\u0117jo i\u0161laid\u0173 suma i\u0161skai\u010diuojama i\u0161 gr\u0105\u017eintin\u0173 Pirk\u0117jui u\u017e prekes sumok\u0117t\u0173 pinig\u0173 .<br>8.8. Jei n\u0117ra galimyb\u0117s u\u017esakyt\u0173 preki\u0173 pristatyti viena siunta, MINIHUGZ.COM turi teis\u0119 pristatyti prekes keliomis siuntomis.<br>8.9. Visais atvejais Pardav\u0117jas atleid\u017eiamas nuo atsakomyb\u0117s u\u017e preki\u0173 pristatymo termin\u0173 pa\u017eeidim\u0105, jeigu prek\u0117s Pirk\u0117jui n\u0117ra pristatomos arba pristatomos ne laiku d\u0117l Pirk\u0117jo kalt\u0117s arba d\u0117l nuo Pirk\u0117jo priklausan\u010di\u0173 aplinkybi\u0173.<br>8.10. Jeigu pirkimo-pardavimo sutartyje numatytas daikt\u0173 gabenimas ir Pardav\u0117jas i\u0161siun\u010dia daiktus Pirk\u0117jui, daikt\u0173 atsitiktinio \u017euvimo ar sugedimo rizika pereina Pirk\u0117jui, kai jis ar jo nurodytas asmuo, i\u0161skyrus ve\u017e\u0117j\u0105, priima daiktus. Jeigu daiktai perduodami ve\u017e\u0117jui, kur\u012f pasirinko Pirk\u0117jas, o Pardav\u0117jas nesi\u016bl\u0117 tokio pristatymo, \u0161ioje dalyje numatyta rizika pereina Pirk\u0117jui, kai daiktai perduodami ve\u017e\u0117jui.\u00a0<br>\u00a0<\/p>\n\n\n\n<ol start=\"9\" class=\"wp-block-list\">\n<li>Preki\u0173 kokyb\u0117s garantija ir tinkamumo naudoti terminas<br>9.1. Kiekvienos MINIHUGZ.COM prek\u0117s savyb\u0117s bendrai nurodomos prie kiekvienos prek\u0117s esan\u010diame prek\u0117s apra\u0161yme.<br>9.2. Pardav\u0117jas neatsako u\u017e tai, kad internetin\u0117je parduotuv\u0117je esan\u010dios prek\u0117s savo spalva, forma ar kitais parametrais gali neatitikti realaus preki\u0173 dyd\u017eio, form\u0173 ir spalvos d\u0117l Pirk\u0117jo naudojamo vaizduoklio ypatybi\u0173.<br>9.3. Pardav\u0117jo teikiama kokyb\u0117s garantija neapriboja ir nevar\u017eo Pirk\u0117jo teisi\u0173, kurias, \u012fsigijus netinkamos kokyb\u0117s prek\u0119 ar paslaugas, jam nustato teis\u0117s aktai.\u00a0<br>\u00a0<\/li>\n\n\n\n<li id=\"grazinimas\">Preki\u0173 gr\u0105\u017einimas ir keitimas<br>10.1. Preki\u0173 gr\u0105\u017einimas ir keitimas vykdomas vadovaujantis Lietuvos Respublikos Vyriausyb\u0117s 2014 m. liepos 22 d. nutarimu Nr. 738 \u201cD\u0117l Lietuvos Respublikos Vyriausyb\u0117s 2001 m. bir\u017eelio 11 d. nutarimo Nr. 697 \u201cD\u0117l ma\u017emenin\u0117s prekybos taisykli\u0173 patvirtinimo\u201d pakeitimo ir Civilinio kodekso 6.22810 ir 6.22811 straipsniuose nustatyta tvarka.\u00a0<br>10.2. Preki\u0173 gr\u0105\u017einimo ir keitimo numatyta teise Pirk\u0117jas gali pasinaudoti per 14 (keturiolika) dien\u0173 nuo preki\u0173 atsi\u0117mimo arba pristatymo jam dienos \u00a0(terminas pradedamas skai\u010diuoti, kai Pirk\u0117jui pristatoma visos u\u017esakymo siuntos) \u00a0, informuodamas apie tai Pardav\u0117j\u0105 3.2.Taisykli\u0173 punkte numatyta tvarka.<br>10.3. Gr\u0105\u017einama prek\u0117 turi b\u016bti originalioje tvarkingoje pakuot\u0117je, Pirk\u0117jo nesugadinta, nepraradusi prekin\u0117s i\u0161vaizdos (nepa\u017eeistos etiket\u0117s, nenupl\u0117\u0161tos apsaugin\u0117s pl\u0117vel\u0117s ir kt. (\u0161is punktas netaikomas tuo atveju, kai gr\u0105\u017einama nekokybi\u0161ka prek\u0117), tos pa\u010dios komplektacijos, kokios buvo Pirk\u0117jo gauta,<br>b\u016btinai pateikiant prek\u0117s \u012fsigijimo\u00a0<br>10.4. Gr\u0105\u017einamas prekes Pirk\u0117jas gali pristatyti pats pardav\u0117jo nurodytu adresu arba atsi\u0173sti naudojantis kurjerio paslaugomis. Tuo atveju, kai prek\u0117 gr\u0105\u017einama remiantis 3.2. ir 3.3. punkte numatyta teise, Pirk\u0117jui tenka preki\u0173 gr\u0105\u017einimo i\u0161laidos. Kai gr\u0105\u017einama gauta ne ta prek\u0117 ir\/ar nekokybi\u0161ka prek\u0117, Pardav\u0117jas \u012fsipareigoja pasiimti tokias prekes ir jas pakeisti analogi\u0161komis tinkamomis prek\u0117mis. Tuo atveju, kai Pardav\u0117jas neturi analogi\u0161k\u0173 preki\u0173, jis gr\u0105\u017eina Pirk\u0117jui u\u017e prekes ir pristatym\u0105 sumok\u0117tus pinigus.<br>10.5. Pardav\u0117jas turi teis\u0119 nepriimti Pirk\u0117jo gr\u0105\u017einam\u0173 preki\u0173, jei Pirk\u0117jas nesilaiko \u0161iame straipsnyje nustatytos preki\u0173 gr\u0105\u017einimo tvarkos.<br>\u00a0<\/li>\n\n\n\n<li>Atsakomyb\u0117<br>11.1. Pirk\u0117jas yra visi\u0161kai atsakingas u\u017e registracijos formoje pateikt\u0173 duomen\u0173 teisingum\u0105. Jei Pirk\u0117jas nepateikia registracijos formoje tiksli\u0173 duomen\u0173, Pardav\u0117jas neatsako u\u017e d\u0117l to atsiradusius padarinius.<br>11.2. Pirk\u0117jas atsako u\u017e veiksmus, atliktus naudojantis \u0161ia internetine parduotuve.<br>11.3. Pardav\u0117jas atleid\u017eiamas nuo bet kokios atsakomyb\u0117s tais atvejais, kai nuostoliai kyla d\u0117l to, jog Pirk\u0117jas, neatsi\u017evelgdamas \u012f Pardav\u0117jo rekomendacijas ir savo \u012fsipareigojimus, nesusipa\u017eino su \u0161iomis Taisykl\u0117mis, nors tokia galimyb\u0117 jam buvo suteikta.<br>11.4. Atsiradus \u017ealai, kaltoji \u0161alis atlygina kitai \u0161aliai atsiradusius tiesioginius nuostolius.<br>\u00a0<\/li>\n\n\n\n<li>Apsikeitimas informacija<br>12.1. Pardav\u0117jas visus prane\u0161imus siun\u010dia Pirk\u0117jo registracijos formoje pateiktu elektroninio pa\u0161to adresu.<br>12.2. Pirk\u0117jas visus prane\u0161imus ir klausimus siun\u010dia Pardav\u0117jo internetin\u0117s parduotuv\u0117s skyriuje \u201eKontaktai\u201c nurodytomis susisiekimo priemon\u0117mis.<br>\u00a0<\/li>\n\n\n\n<li>Asmens duomen\u0173 apsauga<br>13.1. 13 punkte numatytos asmens duomen\u0173 tvarkymo ir apsaugos taisykl\u0117s taikomos visiems asmens duomenims, kuriuos Pardav\u0117jui pateikia Pirk\u0117jas arba kuriuos Pardav\u0117jas surenka ir tvarko Pirk\u0117jui naudojantis MINIHUGZ.COM internetine svetaine.<\/li>\n<\/ol>\n\n\n\n<p>13.2. Pardav\u0117jas gerbia Pirk\u0117jo ir kit\u0173 MINIHUGZ.COM internetin\u0117s svetain\u0117s lankytoj\u0173 privatum\u0105 ir saugo j\u0173 asmens duomenis, kurie yra pateikiami Pardav\u0117jui ir kuriuos Pardav\u0117jas surenka, taip, kaip nurodyta \u0161iose Taisykl\u0117se, kuriose paai\u0161kinama, kod\u0117l Pardav\u0117jas renka asmens duomenis ir kaip juos naudoja.<br>13.3. Pardav\u0117jas patvirtina, jog asmens duomenys, bus naudojami preki\u0173 pardavimo MINIHUGZ.COM internetin\u0117je parduotuv\u0117je ir preki\u0173 pristatymo tikslais. \u0160i\u0173 duomen\u0173 tvarkymo teisinis pagrindas \u2013 preki\u0173 pirkimo-pardavimo sutarties sudarymas ir vykdymas.<br>13.4. Pirk\u0117jas patvirtina, kad jis \u017eino apie savo teis\u0119 atsisakyti pateikti savo asmens duomenis, ta\u010diau supranta, kad \u0161ie asmens duomenys yra reikalingi ir b\u016btini preki\u0173 u\u017esakymo \u012fvykdymui, o Pirk\u0117jui nepateikus toki\u0173 duomen\u0173 ir nesutikus, kad jie b\u016bt\u0173 tvarkomi \u0161i\u0173 Taisykli\u0173 13.6. punkte nurodytais tikslais,<br>preki\u0173 pirkimo \u2013 pardavimo Sutartis negal\u0117s b\u016bti sudaryta ir \u012fvykdyta..<br>13.5. Visus Pirk\u0117jo bei kit\u0173 MINIHUGZ.COM internetin\u0117s svetain\u0117s lankytoj\u0173 duomenis Pardav\u0117jas saugo ne ilgiau, nei tai reikalinga \u0161iose Taisykl\u0117se nurodytais tikslais.<br>13.6. Pirk\u0117jo duomenys preki\u0173 pardavimo MINIHUGZ.COM internetin\u0117je parduotuv\u0117je tikslais saugomi ir naudojami 10 met\u0173 po pirkimo pardavimo sutarties sudarymo.<br>13.7. Pardav\u0117jas \u012fsipareigoja neatskleisti asmens duomen\u0173 tretiesiems asmenims, i\u0161skyrus Pardav\u0117jo partnerius, teikian\u010dius preki\u0173 pristatymo, Pardav\u0117jo internetinio puslapio ar duomen\u0173 bazi\u0173, \u012frangos administravimo, ar kitas, su Pirk\u0117jo u\u017esakymo tinkamu \u012fvykdymu bei tiesiogin\u0117s rinkodaros pasi\u016blym\u0173<br>siuntimu susijusias, paslaugas. Visais kitais atvejais tretiesiems asmenims bet kokie Pirk\u0117jo asmens duomenys gali b\u016bti atskleid\u017eiami tik LR teis\u0117s akt\u0173 numatyta tvarka.<br>13.8. Pardav\u0117jas duomen\u0173 tvarkymui taiko saugos ir tvarkymo reikalavimus, nustatytus Lietuvos Respublikos asmens duomen\u0173 teisin\u0117s apsaugos \u012fstatyme ir Europos S\u0105jungos Bendrajame duomen\u0173 apsaugos reglamente.<br>13.9. Pardav\u0117jas imasi atitinkam\u0173 technini\u0173 ir organizacini\u0173 priemoni\u0173, kad u\u017etikrint\u0173 vis\u0173 tvarkom\u0173 asmens duomen\u0173 apsaug\u0105 nuo nety\u010dinio ar neteis\u0117to sunaikinimo arba nety\u010dinio praradimo, pakeitimo, ne\u012fgalioto atskleidimo arba prieigos, ir nuo vis\u0173 kit\u0173 neteis\u0117t\u0173 apdorojimo form\u0173.<br>13.10. Pirk\u0117jas turi \u0161ias teises, susijusias su asmens duomenimis:<br>13.10.1. teis\u0119 i\u0161taisyti savo asmens duomenis kreipiantis \u012f Pardav\u0117j\u0105;<br>13.10.2. pra\u0161yti, kad Pardav\u0117jas leist\u0173 susipa\u017einti su duomenimis ir juos i\u0161trint\u0173 arba apribot\u0173 duomen\u0173 tvarkym\u0105;<br>13.10.3. teis\u0119 nesutikti, kad duomenys b\u016bt\u0173 tvarkomi;<br>13.10.4. teis\u0119 at\u0161aukti sutikim\u0105;<br>13.10.5. teis\u0119 pateikti skund\u0105 Valstybinei duomen\u0173 apsaugos inspekcijai.<\/p>\n\n\n\n<p>Baigiamosios nuostatos<br>14.1. \u0160i\u0173 taisykli\u0173 pagrindu kylantiems santykiams taikoma LR teis\u0117.<br>14.2. Visi nesutarimai, kil\u0119 d\u0117l \u0161i\u0173 taisykli\u0173 vykdymo, sprend\u017eiami deryb\u0173 b\u016bdu. Nepavykus susitarti, gin\u010dai sprend\u017eiami LR \u012fstatym\u0173 nustatyta tvarka.<br>14.3.\u00a0Bet kokios e-parduotuv\u0117s informacijos platinimas be ra\u0161ti\u0161ko Pardav\u0117jo sutikimo draud\u017eiamas.<\/p>","protected":false},"excerpt":{"rendered":"<p>Bendrosios nuostatos1.1. \u0160ios preki\u0173 pirkimo \u2013 pardavimo taisykl\u0117s (toliau \u201eTaisykl\u0117s\u201c), jas patvirtinus Pirk\u0117jui (susipa\u017einus su Taisykl\u0117mis ir t\u0119siant registracij\u0105 arba u\u017esakym\u0105), yra \u0161alims privalomas teisinis dokumentas, kuriame nustatomos Pirk\u0117jo ir Pardav\u0117jo teis\u0117s bei pareigos, preki\u0173 \u012fsigijimo bei apmok\u0117jimo u\u017e jas s\u0105lygos, preki\u0173pristatymo ir gr\u0105\u017einimo tvarka, \u0161ali\u0173 atsakomyb\u0117, asmens duomen\u0173 apsauga bei kitos su preki\u0173 pirkimu [&hellip;]<\/p>","protected":false},"author":1,"featured_media":0,"parent":0,"menu_order":0,"comment_status":"closed","ping_status":"open","template":"","meta":{"_uag_custom_page_level_css":"","site-sidebar-layout":"default","site-content-layout":"","ast-site-content-layout":"default","site-content-style":"default","site-sidebar-style":"default","ast-global-header-display":"","ast-banner-title-visibility":"","ast-main-header-display":"","ast-hfb-above-header-display":"","ast-hfb-below-header-display":"","ast-hfb-mobile-header-display":"","site-post-title":"","ast-breadcrumbs-content":"","ast-featured-img":"","footer-sml-layout":"","theme-transparent-header-meta":"","adv-header-id-meta":"","stick-header-meta":"","header-above-stick-meta":"","header-main-stick-meta":"","header-below-stick-meta":"","astra-migrate-meta-layouts":"set","ast-page-background-enabled":"default","ast-page-background-meta":{"desktop":{"background-color":"var(--ast-global-color-4)","background-image":"","background-repeat":"repeat","background-position":"center center","background-size":"auto","background-attachment":"scroll","background-type":"","background-media":"","overlay-type":"","overlay-color":"","overlay-opacity":"","overlay-gradient":""},"tablet":{"background-color":"","background-image":"","background-repeat":"repeat","background-position":"center center","background-size":"auto","background-attachment":"scroll","background-type":"","background-media":"","overlay-type":"","overlay-color":"","overlay-opacity":"","overlay-gradient":""},"mobile":{"background-color":"","background-image":"","background-repeat":"repeat","background-position":"center center","background-size":"auto","background-attachment":"scroll","background-type":"","background-media":"","overlay-type":"","overlay-color":"","overlay-opacity":"","overlay-gradient":""}},"ast-content-background-meta":{"desktop":{"background-color":"var(--ast-global-color-5)","background-image":"","background-repeat":"repeat","background-position":"center center","background-size":"auto","background-attachment":"scroll","background-type":"","background-media":"","overlay-type":"","overlay-color":"","overlay-opacity":"","overlay-gradient":""},"tablet":{"background-color":"var(--ast-global-color-5)","background-image":"","background-repeat":"repeat","background-position":"center center","background-size":"auto","background-attachment":"scroll","background-type":"","background-media":"","overlay-type":"","overlay-color":"","overlay-opacity":"","overlay-gradient":""},"mobile":{"background-color":"var(--ast-global-color-5)","background-image":"","background-repeat":"repeat","background-position":"center center","background-size":"auto","background-attachment":"scroll","background-type":"","background-media":"","overlay-type":"","overlay-color":"","overlay-opacity":"","overlay-gradient":""}},"footnotes":""},"class_list":["post-3","page","type-page","status-publish","hentry"],"aioseo_notices":[],"_hostinger_reach_plugin_has_subscription_block":false,"_hostinger_reach_plugin_is_elementor":false,"uagb_featured_image_src":{"full":false,"thumbnail":false,"medium":false,"medium_large":false,"large":false,"1536x1536":false,"2048x2048":false,"trp-custom-language-flag":false,"woocommerce_thumbnail":false,"woocommerce_single":false,"woocommerce_gallery_thumbnail":false},"uagb_author_info":{"display_name":"godavaskeviciute@gmail.com","author_link":"https:\/\/minihugz.com\/en\/author\/godavaskeviciutegmail-com\/"},"uagb_comment_info":0,"uagb_excerpt":"Bendrosios nuostatos1.1. \u0160ios preki\u0173 pirkimo \u2013 pardavimo taisykl\u0117s (toliau \u201eTaisykl\u0117s\u201c), jas patvirtinus Pirk\u0117jui (susipa\u017einus su Taisykl\u0117mis ir t\u0119siant registracij\u0105 arba u\u017esakym\u0105), yra \u0161alims privalomas teisinis dokumentas, kuriame nustatomos Pirk\u0117jo ir Pardav\u0117jo teis\u0117s bei pareigos, preki\u0173 \u012fsigijimo bei apmok\u0117jimo u\u017e jas s\u0105lygos, preki\u0173pristatymo ir gr\u0105\u017einimo tvarka, \u0161ali\u0173 atsakomyb\u0117, asmens duomen\u0173 apsauga bei kitos su preki\u0173 pirkimu&hellip;","_links":{"self":[{"href":"https:\/\/minihugz.com\/en\/wp-json\/wp\/v2\/pages\/3","targetHints":{"allow":["GET"]}}],"collection":[{"href":"https:\/\/minihugz.com\/en\/wp-json\/wp\/v2\/pages"}],"about":[{"href":"https:\/\/minihugz.com\/en\/wp-json\/wp\/v2\/types\/page"}],"author":[{"embeddable":true,"href":"https:\/\/minihugz.com\/en\/wp-json\/wp\/v2\/users\/1"}],"replies":[{"embeddable":true,"href":"https:\/\/minihugz.com\/en\/wp-json\/wp\/v2\/comments?post=3"}],"version-history":[{"count":2,"href":"https:\/\/minihugz.com\/en\/wp-json\/wp\/v2\/pages\/3\/revisions"}],"predecessor-version":[{"id":2648,"href":"https:\/\/minihugz.com\/en\/wp-json\/wp\/v2\/pages\/3\/revisions\/2648"}],"wp:attachment":[{"href":"https:\/\/minihugz.com\/en\/wp-json\/wp\/v2\/media?parent=3"}],"curies":[{"name":"wp","href":"https:\/\/api.w.org\/{rel}","templated":true}]}}