{"id":2596,"date":"2025-09-25T14:10:25","date_gmt":"2025-09-25T11:10:25","guid":{"rendered":"https:\/\/minihugz.com\/?post_type=product&#038;p=2596"},"modified":"2025-10-14T13:24:59","modified_gmt":"2025-10-14T10:24:59","slug":"activity-house-12-in-1","status":"publish","type":"product","link":"https:\/\/minihugz.com\/en\/product\/activity-house-12-in-1\/","title":{"rendered":"Activity House 12-IN-1"},"content":{"rendered":"<p>The Activity House 12-IN-1 is a wonderful educational activity center for little explorers that combines play and learning. With a farm theme, this toy offers 12 different activities: turning gears, sorting shapes, pressing switches, shining lights, playing stick and ball games, using a hammer, educational shape ropes and many other fun challenges.<\/p>\n<p>This game develops fine motor skills, hand-eye coordination, the child's ability to understand cause-and-effect relationships, shape and color recognition, and develops patience and creativity. Perfect for children from about <strong>18 months<\/strong>who want to explore, touch, press, do, find and discover.<\/p>","protected":false},"excerpt":{"rendered":"<p>\"Activity House 12-IN-1\" is an educational activity house with 12 activities for children from 18 months: shape sorting, gears, light switches and much more.<\/p>","protected":false},"featured_media":2606,"template":"","meta":{"_uag_custom_page_level_css":"","site-sidebar-layout":"default","site-content-layout":"","ast-site-content-layout":"default","site-content-style":"default","site-sidebar-style":"default","ast-global-header-display":"","ast-banner-title-visibility":"","ast-main-header-display":"","ast-hfb-above-header-display":"","ast-hfb-below-header-display":"","ast-hfb-mobile-header-display":"","site-post-title":"","ast-breadcrumbs-content":"","ast-featured-img":"","footer-sml-layout":"","theme-transparent-header-meta":"default","adv-header-id-meta":"","stick-header-meta":"","header-above-stick-meta":"","header-main-stick-meta":"","header-below-stick-meta":"","astra-migrate-meta-layouts":"set","ast-page-background-enabled":"default","ast-page-background-meta":{"desktop":{"background-color":"var(--ast-global-color-4)","background-image":"","background-repeat":"repeat","background-position":"center center","background-size":"auto","background-attachment":"scroll","background-type":"","background-media":"","overlay-type":"","overlay-color":"","overlay-opacity":"","overlay-gradient":""},"tablet":{"background-color":"","background-image":"","background-repeat":"repeat","background-position":"center center","background-size":"auto","background-attachment":"scroll","background-type":"","background-media":"","overlay-type":"","overlay-color":"","overlay-opacity":"","overlay-gradient":""},"mobile":{"background-color":"","background-image":"","background-repeat":"repeat","background-position":"center center","background-size":"auto","background-attachment":"scroll","background-type":"","background-media":"","overlay-type":"","overlay-color":"","overlay-opacity":"","overlay-gradient":""}},"ast-content-background-meta":{"desktop":{"background-color":"var(--ast-global-color-5)","background-image":"","background-repeat":"repeat","background-position":"center center","background-size":"auto","background-attachment":"scroll","background-type":"","background-media":"","overlay-type":"","overlay-color":"","overlay-opacity":"","overlay-gradient":""},"tablet":{"background-color":"var(--ast-global-color-5)","background-image":"","background-repeat":"repeat","background-position":"center center","background-size":"auto","background-attachment":"scroll","background-type":"","background-media":"","overlay-type":"","overlay-color":"","overlay-opacity":"","overlay-gradient":""},"mobile":{"background-color":"var(--ast-global-color-5)","background-image":"","background-repeat":"repeat","background-position":"center center","background-size":"auto","background-attachment":"scroll","background-type":"","background-media":"","overlay-type":"","overlay-color":"","overlay-opacity":"","overlay-gradient":""}}},"product_brand":[],"product_cat":[55,56],"product_tag":[],"class_list":{"0":"post-2596","1":"product","2":"type-product","3":"status-publish","4":"has-post-thumbnail","6":"product_cat-ankstyvasis-mokymas-montessori","7":"product_cat-mastau-ir-zaidziu","8":"desktop-align-left","9":"tablet-align-left","10":"mobile-align-left","12":"first","13":"instock","14":"downloadable","15":"shipping-taxable","16":"purchasable","17":"product-type-simple"},"aioseo_notices":[],"uagb_featured_image_src":{"full":["https:\/\/mlgzouu0auik.i.optimole.com\/cb:wy8s.36b\/w:auto\/h:auto\/q:mauto\/f:best\/https:\/\/minihugz.com\/wp-content\/uploads\/2025\/09\/121173-package_4096x.webp",1680,1680,false],"thumbnail":["https:\/\/mlgzouu0auik.i.optimole.com\/cb:wy8s.36b\/w:150\/h:150\/q:mauto\/rt:fill\/g:ce\/f:best\/https:\/\/minihugz.com\/wp-content\/uploads\/2025\/09\/121173-package_4096x.webp",150,150,true],"medium":["https:\/\/mlgzouu0auik.i.optimole.com\/cb:wy8s.36b\/w:300\/h:300\/q:mauto\/rt:fill\/g:ce\/f:best\/https:\/\/minihugz.com\/wp-content\/uploads\/2025\/09\/121173-package_4096x.webp",300,300,true],"medium_large":["https:\/\/mlgzouu0auik.i.optimole.com\/cb:wy8s.36b\/w:768\/h:768\/q:mauto\/f:best\/https:\/\/minihugz.com\/wp-content\/uploads\/2025\/09\/121173-package_4096x.webp",768,768,true],"large":["https:\/\/mlgzouu0auik.i.optimole.com\/cb:wy8s.36b\/w:1024\/h:1024\/q:mauto\/f:best\/https:\/\/minihugz.com\/wp-content\/uploads\/2025\/09\/121173-package_4096x.webp",1024,1024,true],"1536x1536":["https:\/\/mlgzouu0auik.i.optimole.com\/cb:wy8s.36b\/w:1536\/h:1536\/q:mauto\/f:best\/https:\/\/minihugz.com\/wp-content\/uploads\/2025\/09\/121173-package_4096x.webp",1536,1536,true],"2048x2048":["https:\/\/mlgzouu0auik.i.optimole.com\/cb:wy8s.36b\/w:auto\/h:auto\/q:mauto\/f:best\/https:\/\/minihugz.com\/wp-content\/uploads\/2025\/09\/121173-package_4096x.webp",1680,1680,false],"trp-custom-language-flag":["https:\/\/mlgzouu0auik.i.optimole.com\/cb:wy8s.36b\/w:12\/h:12\/q:mauto\/f:best\/https:\/\/minihugz.com\/wp-content\/uploads\/2025\/09\/121173-package_4096x.webp",12,12,true],"woocommerce_thumbnail":["https:\/\/mlgzouu0auik.i.optimole.com\/cb:wy8s.36b\/w:300\/h:300\/q:mauto\/rt:fill\/g:ce\/f:best\/https:\/\/minihugz.com\/wp-content\/uploads\/2025\/09\/121173-package_4096x.webp",300,300,true],"woocommerce_single":["https:\/\/mlgzouu0auik.i.optimole.com\/cb:wy8s.36b\/w:600\/h:600\/q:mauto\/f:best\/https:\/\/minihugz.com\/wp-content\/uploads\/2025\/09\/121173-package_4096x.webp",600,600,true],"woocommerce_gallery_thumbnail":["https:\/\/mlgzouu0auik.i.optimole.com\/cb:wy8s.36b\/w:100\/h:100\/q:mauto\/rt:fill\/g:ce\/f:best\/https:\/\/minihugz.com\/wp-content\/uploads\/2025\/09\/121173-package_4096x.webp",100,100,true]},"uagb_author_info":{"display_name":"godavaskeviciute@gmail.com","author_link":"https:\/\/minihugz.com\/en\/author\/"},"uagb_comment_info":0,"uagb_excerpt":"\u201eActivity House 12-IN-1\u201c \u2013 edukacinis veiklos namelis su 12 veikl\u0173 vaikams nuo 18 m\u0117n: form\u0173 r\u016b\u0161iavimas, krumpliara\u010diai, \u0161viesos jungikliai ir daug daugiau.","_links":{"self":[{"href":"https:\/\/minihugz.com\/en\/wp-json\/wp\/v2\/product\/2596","targetHints":{"allow":["GET"]}}],"collection":[{"href":"https:\/\/minihugz.com\/en\/wp-json\/wp\/v2\/product"}],"about":[{"href":"https:\/\/minihugz.com\/en\/wp-json\/wp\/v2\/types\/product"}],"wp:featuredmedia":[{"embeddable":true,"href":"https:\/\/minihugz.com\/en\/wp-json\/wp\/v2\/media\/2606"}],"wp:attachment":[{"href":"https:\/\/minihugz.com\/en\/wp-json\/wp\/v2\/media?parent=2596"}],"wp:term":[{"taxonomy":"product_brand","embeddable":true,"href":"https:\/\/minihugz.com\/en\/wp-json\/wp\/v2\/product_brand?post=2596"},{"taxonomy":"product_cat","embeddable":true,"href":"https:\/\/minihugz.com\/en\/wp-json\/wp\/v2\/product_cat?post=2596"},{"taxonomy":"product_tag","embeddable":true,"href":"https:\/\/minihugz.com\/en\/wp-json\/wp\/v2\/product_tag?post=2596"}],"curies":[{"name":"wp","href":"https:\/\/api.w.org\/{rel}","templated":true}]}}