{"id":2608,"date":"2025-09-25T14:20:49","date_gmt":"2025-09-25T11:20:49","guid":{"rendered":"https:\/\/minihugz.com\/?post_type=product&#038;p=2608"},"modified":"2025-10-14T13:24:20","modified_gmt":"2025-10-14T10:24:20","slug":"pamaitink-geni","status":"publish","type":"product","link":"https:\/\/minihugz.com\/en\/product\/pamaitink-geni\/","title":{"rendered":"Feed the woodpecker"},"content":{"rendered":"<p>Feed the Woodpecker is a game that invites children into the world of nature: let your little one become a mother (+ or father) of a bird and feed the chick with colorful caterpillars. The colorful caterpillars are hidden in a tree stump, and the child just has to \"pull\" them out with the woodpecker's beak and pass them to the little bird. This game develops fine motor skills, color recognition, basic counting, and patience. A great interactive activity that encourages curiosity and exploration of nature.<\/p>","protected":false},"excerpt":{"rendered":"<p><span lang=\"EN-US\">Feed the Woodpecker - a wooden game for children aged 2 and up: pick up a caterpillar with the woodpecker's beak, feed the young bird. Develops colors, motor skills and counting.<\/span><\/p>","protected":false},"featured_media":2617,"template":"","meta":{"_uag_custom_page_level_css":"","site-sidebar-layout":"default","site-content-layout":"","ast-site-content-layout":"default","site-content-style":"default","site-sidebar-style":"default","ast-global-header-display":"","ast-banner-title-visibility":"","ast-main-header-display":"","ast-hfb-above-header-display":"","ast-hfb-below-header-display":"","ast-hfb-mobile-header-display":"","site-post-title":"","ast-breadcrumbs-content":"","ast-featured-img":"","footer-sml-layout":"","theme-transparent-header-meta":"default","adv-header-id-meta":"","stick-header-meta":"","header-above-stick-meta":"","header-main-stick-meta":"","header-below-stick-meta":"","astra-migrate-meta-layouts":"set","ast-page-background-enabled":"default","ast-page-background-meta":{"desktop":{"background-color":"var(--ast-global-color-4)","background-image":"","background-repeat":"repeat","background-position":"center center","background-size":"auto","background-attachment":"scroll","background-type":"","background-media":"","overlay-type":"","overlay-color":"","overlay-opacity":"","overlay-gradient":""},"tablet":{"background-color":"","background-image":"","background-repeat":"repeat","background-position":"center center","background-size":"auto","background-attachment":"scroll","background-type":"","background-media":"","overlay-type":"","overlay-color":"","overlay-opacity":"","overlay-gradient":""},"mobile":{"background-color":"","background-image":"","background-repeat":"repeat","background-position":"center center","background-size":"auto","background-attachment":"scroll","background-type":"","background-media":"","overlay-type":"","overlay-color":"","overlay-opacity":"","overlay-gradient":""}},"ast-content-background-meta":{"desktop":{"background-color":"var(--ast-global-color-5)","background-image":"","background-repeat":"repeat","background-position":"center center","background-size":"auto","background-attachment":"scroll","background-type":"","background-media":"","overlay-type":"","overlay-color":"","overlay-opacity":"","overlay-gradient":""},"tablet":{"background-color":"var(--ast-global-color-5)","background-image":"","background-repeat":"repeat","background-position":"center center","background-size":"auto","background-attachment":"scroll","background-type":"","background-media":"","overlay-type":"","overlay-color":"","overlay-opacity":"","overlay-gradient":""},"mobile":{"background-color":"var(--ast-global-color-5)","background-image":"","background-repeat":"repeat","background-position":"center center","background-size":"auto","background-attachment":"scroll","background-type":"","background-media":"","overlay-type":"","overlay-color":"","overlay-opacity":"","overlay-gradient":""}}},"product_brand":[],"product_cat":[55],"product_tag":[],"class_list":{"0":"post-2608","1":"product","2":"type-product","3":"status-publish","4":"has-post-thumbnail","6":"product_cat-ankstyvasis-mokymas-montessori","7":"desktop-align-left","8":"tablet-align-left","9":"mobile-align-left","11":"first","12":"instock","13":"downloadable","14":"shipping-taxable","15":"purchasable","16":"product-type-simple"},"aioseo_notices":[],"uagb_featured_image_src":{"full":["https:\/\/mlgzouu0auik.i.optimole.com\/cb:wy8s.36b\/w:auto\/h:auto\/q:mauto\/f:best\/https:\/\/minihugz.com\/wp-content\/uploads\/2025\/09\/1210912022de0001_Feed-The-Woodpecker_11_1080.jpg",1080,1080,false],"thumbnail":["https:\/\/mlgzouu0auik.i.optimole.com\/cb:wy8s.36b\/w:150\/h:150\/q:mauto\/rt:fill\/g:ce\/f:best\/https:\/\/minihugz.com\/wp-content\/uploads\/2025\/09\/1210912022de0001_Feed-The-Woodpecker_11_1080.jpg",150,150,true],"medium":["https:\/\/mlgzouu0auik.i.optimole.com\/cb:wy8s.36b\/w:300\/h:300\/q:mauto\/rt:fill\/g:ce\/f:best\/https:\/\/minihugz.com\/wp-content\/uploads\/2025\/09\/1210912022de0001_Feed-The-Woodpecker_11_1080.jpg",300,300,true],"medium_large":["https:\/\/mlgzouu0auik.i.optimole.com\/cb:wy8s.36b\/w:768\/h:768\/q:mauto\/f:best\/https:\/\/minihugz.com\/wp-content\/uploads\/2025\/09\/1210912022de0001_Feed-The-Woodpecker_11_1080.jpg",768,768,true],"large":["https:\/\/mlgzouu0auik.i.optimole.com\/cb:wy8s.36b\/w:1024\/h:1024\/q:mauto\/f:best\/https:\/\/minihugz.com\/wp-content\/uploads\/2025\/09\/1210912022de0001_Feed-The-Woodpecker_11_1080.jpg",1024,1024,true],"1536x1536":["https:\/\/mlgzouu0auik.i.optimole.com\/cb:wy8s.36b\/w:auto\/h:auto\/q:mauto\/f:best\/https:\/\/minihugz.com\/wp-content\/uploads\/2025\/09\/1210912022de0001_Feed-The-Woodpecker_11_1080.jpg",1080,1080,false],"2048x2048":["https:\/\/mlgzouu0auik.i.optimole.com\/cb:wy8s.36b\/w:auto\/h:auto\/q:mauto\/f:best\/https:\/\/minihugz.com\/wp-content\/uploads\/2025\/09\/1210912022de0001_Feed-The-Woodpecker_11_1080.jpg",1080,1080,false],"trp-custom-language-flag":["https:\/\/mlgzouu0auik.i.optimole.com\/cb:wy8s.36b\/w:12\/h:12\/q:mauto\/f:best\/https:\/\/minihugz.com\/wp-content\/uploads\/2025\/09\/1210912022de0001_Feed-The-Woodpecker_11_1080.jpg",12,12,true],"woocommerce_thumbnail":["https:\/\/mlgzouu0auik.i.optimole.com\/cb:wy8s.36b\/w:300\/h:300\/q:mauto\/rt:fill\/g:ce\/f:best\/https:\/\/minihugz.com\/wp-content\/uploads\/2025\/09\/1210912022de0001_Feed-The-Woodpecker_11_1080.jpg",300,300,true],"woocommerce_single":["https:\/\/mlgzouu0auik.i.optimole.com\/cb:wy8s.36b\/w:600\/h:600\/q:mauto\/f:best\/https:\/\/minihugz.com\/wp-content\/uploads\/2025\/09\/1210912022de0001_Feed-The-Woodpecker_11_1080.jpg",600,600,true],"woocommerce_gallery_thumbnail":["https:\/\/mlgzouu0auik.i.optimole.com\/cb:wy8s.36b\/w:100\/h:100\/q:mauto\/rt:fill\/g:ce\/f:best\/https:\/\/minihugz.com\/wp-content\/uploads\/2025\/09\/1210912022de0001_Feed-The-Woodpecker_11_1080.jpg",100,100,true]},"uagb_author_info":{"display_name":"godavaskeviciute@gmail.com","author_link":"https:\/\/minihugz.com\/en\/author\/"},"uagb_comment_info":0,"uagb_excerpt":"Pamaitink gen\u012f - medinis \u017eaidimas vaikams nuo 2 m: paimk vik\u0161r\u0105 genio snapu, pamaitink jaun\u0105 pauk\u0161tuk\u0105. Lavina spalv\u0173, motorik\u0105 ir skai\u010diavim\u0105.","_links":{"self":[{"href":"https:\/\/minihugz.com\/en\/wp-json\/wp\/v2\/product\/2608","targetHints":{"allow":["GET"]}}],"collection":[{"href":"https:\/\/minihugz.com\/en\/wp-json\/wp\/v2\/product"}],"about":[{"href":"https:\/\/minihugz.com\/en\/wp-json\/wp\/v2\/types\/product"}],"wp:featuredmedia":[{"embeddable":true,"href":"https:\/\/minihugz.com\/en\/wp-json\/wp\/v2\/media\/2617"}],"wp:attachment":[{"href":"https:\/\/minihugz.com\/en\/wp-json\/wp\/v2\/media?parent=2608"}],"wp:term":[{"taxonomy":"product_brand","embeddable":true,"href":"https:\/\/minihugz.com\/en\/wp-json\/wp\/v2\/product_brand?post=2608"},{"taxonomy":"product_cat","embeddable":true,"href":"https:\/\/minihugz.com\/en\/wp-json\/wp\/v2\/product_cat?post=2608"},{"taxonomy":"product_tag","embeddable":true,"href":"https:\/\/minihugz.com\/en\/wp-json\/wp\/v2\/product_tag?post=2608"}],"curies":[{"name":"wp","href":"https:\/\/api.w.org\/{rel}","templated":true}]}}