{"id":2622,"date":"2025-09-25T14:51:21","date_gmt":"2025-09-25T11:51:21","guid":{"rendered":"https:\/\/minihugz.com\/?post_type=product&#038;p=2622"},"modified":"2025-10-14T13:23:43","modified_gmt":"2025-10-14T10:23:43","slug":"finger-math","status":"publish","type":"product","link":"https:\/\/minihugz.com\/en\/product\/finger-math\/","title":{"rendered":"Educational toy \u2013 Finger Math"},"content":{"rendered":"<p>Educational toy \u2013 Finger Math \u2013 a fun and educational game for children, where mathematics merges with play. Inspired by the Montessori method, this set teaches children to count, perform simple addition and subtraction operations, and recognize numbers using colorful wooden blocks, educational cards, and interactive activities. The compact design allows you to take the game with you \u2013 for home, travel, or school circle. Encourages logical thinking, creativity, and independent learning.<\/p>","protected":false},"excerpt":{"rendered":"<p>Educational toy \u2013 Finger Math \u2013 Montessori style educational game: colorful wooden blocks and cards for counting, addition and subtraction. Develops logical thinking in children.<\/p>","protected":false},"featured_media":2629,"template":"","meta":{"_uag_custom_page_level_css":"","site-sidebar-layout":"default","site-content-layout":"","ast-site-content-layout":"default","site-content-style":"default","site-sidebar-style":"default","ast-global-header-display":"","ast-banner-title-visibility":"","ast-main-header-display":"","ast-hfb-above-header-display":"","ast-hfb-below-header-display":"","ast-hfb-mobile-header-display":"","site-post-title":"","ast-breadcrumbs-content":"","ast-featured-img":"","footer-sml-layout":"","theme-transparent-header-meta":"default","adv-header-id-meta":"","stick-header-meta":"","header-above-stick-meta":"","header-main-stick-meta":"","header-below-stick-meta":"","astra-migrate-meta-layouts":"set","ast-page-background-enabled":"default","ast-page-background-meta":{"desktop":{"background-color":"var(--ast-global-color-4)","background-image":"","background-repeat":"repeat","background-position":"center center","background-size":"auto","background-attachment":"scroll","background-type":"","background-media":"","overlay-type":"","overlay-color":"","overlay-opacity":"","overlay-gradient":""},"tablet":{"background-color":"","background-image":"","background-repeat":"repeat","background-position":"center center","background-size":"auto","background-attachment":"scroll","background-type":"","background-media":"","overlay-type":"","overlay-color":"","overlay-opacity":"","overlay-gradient":""},"mobile":{"background-color":"","background-image":"","background-repeat":"repeat","background-position":"center center","background-size":"auto","background-attachment":"scroll","background-type":"","background-media":"","overlay-type":"","overlay-color":"","overlay-opacity":"","overlay-gradient":""}},"ast-content-background-meta":{"desktop":{"background-color":"var(--ast-global-color-5)","background-image":"","background-repeat":"repeat","background-position":"center center","background-size":"auto","background-attachment":"scroll","background-type":"","background-media":"","overlay-type":"","overlay-color":"","overlay-opacity":"","overlay-gradient":""},"tablet":{"background-color":"var(--ast-global-color-5)","background-image":"","background-repeat":"repeat","background-position":"center center","background-size":"auto","background-attachment":"scroll","background-type":"","background-media":"","overlay-type":"","overlay-color":"","overlay-opacity":"","overlay-gradient":""},"mobile":{"background-color":"var(--ast-global-color-5)","background-image":"","background-repeat":"repeat","background-position":"center center","background-size":"auto","background-attachment":"scroll","background-type":"","background-media":"","overlay-type":"","overlay-color":"","overlay-opacity":"","overlay-gradient":""}}},"product_brand":[],"product_cat":[55,53],"product_tag":[],"class_list":{"0":"post-2622","1":"product","2":"type-product","3":"status-publish","4":"has-post-thumbnail","6":"product_cat-ankstyvasis-mokymas-montessori","7":"product_cat-zaislai-raidems-ir-skaiciams-pazinti","8":"desktop-align-left","9":"tablet-align-left","10":"mobile-align-left","12":"first","13":"instock","14":"downloadable","15":"shipping-taxable","16":"purchasable","17":"product-type-simple"},"aioseo_notices":[],"uagb_featured_image_src":{"full":["https:\/\/mlgzouu0auik.i.optimole.com\/cb:wy8s.36b\/w:auto\/h:auto\/q:mauto\/f:best\/https:\/\/minihugz.com\/wp-content\/uploads\/2025\/09\/1211212023de0001_Finger-Math_10_1080.jpg",1080,1080,false],"thumbnail":["https:\/\/mlgzouu0auik.i.optimole.com\/cb:wy8s.36b\/w:150\/h:150\/q:mauto\/rt:fill\/g:ce\/f:best\/https:\/\/minihugz.com\/wp-content\/uploads\/2025\/09\/1211212023de0001_Finger-Math_10_1080.jpg",150,150,true],"medium":["https:\/\/mlgzouu0auik.i.optimole.com\/cb:wy8s.36b\/w:300\/h:300\/q:mauto\/rt:fill\/g:ce\/f:best\/https:\/\/minihugz.com\/wp-content\/uploads\/2025\/09\/1211212023de0001_Finger-Math_10_1080.jpg",300,300,true],"medium_large":["https:\/\/mlgzouu0auik.i.optimole.com\/cb:wy8s.36b\/w:768\/h:768\/q:mauto\/f:best\/https:\/\/minihugz.com\/wp-content\/uploads\/2025\/09\/1211212023de0001_Finger-Math_10_1080.jpg",768,768,true],"large":["https:\/\/mlgzouu0auik.i.optimole.com\/cb:wy8s.36b\/w:1024\/h:1024\/q:mauto\/f:best\/https:\/\/minihugz.com\/wp-content\/uploads\/2025\/09\/1211212023de0001_Finger-Math_10_1080.jpg",1024,1024,true],"1536x1536":["https:\/\/mlgzouu0auik.i.optimole.com\/cb:wy8s.36b\/w:auto\/h:auto\/q:mauto\/f:best\/https:\/\/minihugz.com\/wp-content\/uploads\/2025\/09\/1211212023de0001_Finger-Math_10_1080.jpg",1080,1080,false],"2048x2048":["https:\/\/mlgzouu0auik.i.optimole.com\/cb:wy8s.36b\/w:auto\/h:auto\/q:mauto\/f:best\/https:\/\/minihugz.com\/wp-content\/uploads\/2025\/09\/1211212023de0001_Finger-Math_10_1080.jpg",1080,1080,false],"trp-custom-language-flag":["https:\/\/mlgzouu0auik.i.optimole.com\/cb:wy8s.36b\/w:12\/h:12\/q:mauto\/f:best\/https:\/\/minihugz.com\/wp-content\/uploads\/2025\/09\/1211212023de0001_Finger-Math_10_1080.jpg",12,12,true],"woocommerce_thumbnail":["https:\/\/mlgzouu0auik.i.optimole.com\/cb:wy8s.36b\/w:300\/h:300\/q:mauto\/rt:fill\/g:ce\/f:best\/https:\/\/minihugz.com\/wp-content\/uploads\/2025\/09\/1211212023de0001_Finger-Math_10_1080.jpg",300,300,true],"woocommerce_single":["https:\/\/mlgzouu0auik.i.optimole.com\/cb:wy8s.36b\/w:600\/h:600\/q:mauto\/f:best\/https:\/\/minihugz.com\/wp-content\/uploads\/2025\/09\/1211212023de0001_Finger-Math_10_1080.jpg",600,600,true],"woocommerce_gallery_thumbnail":["https:\/\/mlgzouu0auik.i.optimole.com\/cb:wy8s.36b\/w:100\/h:100\/q:mauto\/rt:fill\/g:ce\/f:best\/https:\/\/minihugz.com\/wp-content\/uploads\/2025\/09\/1211212023de0001_Finger-Math_10_1080.jpg",100,100,true]},"uagb_author_info":{"display_name":"godavaskeviciute@gmail.com","author_link":"https:\/\/minihugz.com\/en\/author\/"},"uagb_comment_info":0,"uagb_excerpt":"Lavinamasis \u017eaislas \u2013 Finger Math - Montessori stiliaus mokomasis \u017eaidimas: spalvotos medin\u0117s kalad\u0117l\u0117s ir kortel\u0117s skai\u010diavimui, sud\u0117\u010diai ir atim\u010diai. Lavina login\u012f m\u0105stym\u0105 vaikams.","_links":{"self":[{"href":"https:\/\/minihugz.com\/en\/wp-json\/wp\/v2\/product\/2622","targetHints":{"allow":["GET"]}}],"collection":[{"href":"https:\/\/minihugz.com\/en\/wp-json\/wp\/v2\/product"}],"about":[{"href":"https:\/\/minihugz.com\/en\/wp-json\/wp\/v2\/types\/product"}],"wp:featuredmedia":[{"embeddable":true,"href":"https:\/\/minihugz.com\/en\/wp-json\/wp\/v2\/media\/2629"}],"wp:attachment":[{"href":"https:\/\/minihugz.com\/en\/wp-json\/wp\/v2\/media?parent=2622"}],"wp:term":[{"taxonomy":"product_brand","embeddable":true,"href":"https:\/\/minihugz.com\/en\/wp-json\/wp\/v2\/product_brand?post=2622"},{"taxonomy":"product_cat","embeddable":true,"href":"https:\/\/minihugz.com\/en\/wp-json\/wp\/v2\/product_cat?post=2622"},{"taxonomy":"product_tag","embeddable":true,"href":"https:\/\/minihugz.com\/en\/wp-json\/wp\/v2\/product_tag?post=2622"}],"curies":[{"name":"wp","href":"https:\/\/api.w.org\/{rel}","templated":true}]}}