{"id":2636,"date":"2025-09-25T15:04:25","date_gmt":"2025-09-25T12:04:25","guid":{"rendered":"https:\/\/minihugz.com\/?post_type=product&#038;p=2636"},"modified":"2025-10-14T09:20:20","modified_gmt":"2025-10-14T06:20:20","slug":"minihugz-dovanu-kortele","status":"publish","type":"product","link":"https:\/\/minihugz.com\/en\/product\/minihugz-dovanu-kortele\/","title":{"rendered":"MiniHugz Gift Card"},"content":{"rendered":"","protected":false},"excerpt":{"rendered":"<header class=\"section-header clearfix\">\n<h2 class=\"h2 fl\">E-gift voucher<\/h2>\n<\/header>\n<div class=\"simple-content\">\n<p>Purchase a Gift Certificate, print it out and give it immediately!<\/p>\n<div>\n<p>With this Gift Voucher, you can purchase any little-goose.com product, and if you choose a more expensive one, you only pay the price difference.<\/p>\n<p><em><strong>We will send the gift voucher immediately after payment to the email address you provided!<\/strong><\/em><\/p>\n<p><strong>Important to know:<\/strong><\/p>\n<p>\u2013 The gift voucher is valid for 6 months from the date of purchase.<br \/>\n\u2013 The gift voucher is non-refundable and non-exchangeable for cash.<br \/>\n&#8211; Dovan\u0173 kuponas galioja visoms pardav\u0117jo &#8211; minihugz.com prek\u0117ms.<br \/>\n\u2013 When purchasing a Gift Voucher, an invoice is not issued, but a Gift Voucher Transfer Certificate is provided.<br \/>\n\u2013 Gift vouchers are not extendable,<br \/>\n<strong>&#8211;\u00a0<\/strong>A Gift Voucher code can only be applied to one order. If the amount of the order for which the Gift Voucher is applied is less than the value of the Gift Voucher, the difference will not be refunded.<\/p>\n<p><strong>How to apply a GIFT COUPON code?<\/strong><\/p>\n<p>Select the products and add them to your shopping cart.<br \/>\nOn the shopping cart page, you will find a field where you can enter a discount code. Your discount code is printed on the Gift Voucher (Gift Voucher Number), enter it.<\/p>\n<\/div>\n<\/div>","protected":false},"featured_media":2804,"template":"","meta":{"_uag_custom_page_level_css":"","site-sidebar-layout":"default","site-content-layout":"","ast-site-content-layout":"default","site-content-style":"default","site-sidebar-style":"default","ast-global-header-display":"","ast-banner-title-visibility":"","ast-main-header-display":"","ast-hfb-above-header-display":"","ast-hfb-below-header-display":"","ast-hfb-mobile-header-display":"","site-post-title":"","ast-breadcrumbs-content":"","ast-featured-img":"","footer-sml-layout":"","theme-transparent-header-meta":"default","adv-header-id-meta":"","stick-header-meta":"","header-above-stick-meta":"","header-main-stick-meta":"","header-below-stick-meta":"","astra-migrate-meta-layouts":"set","ast-page-background-enabled":"default","ast-page-background-meta":{"desktop":{"background-color":"var(--ast-global-color-4)","background-image":"","background-repeat":"repeat","background-position":"center center","background-size":"auto","background-attachment":"scroll","background-type":"","background-media":"","overlay-type":"","overlay-color":"","overlay-opacity":"","overlay-gradient":""},"tablet":{"background-color":"","background-image":"","background-repeat":"repeat","background-position":"center center","background-size":"auto","background-attachment":"scroll","background-type":"","background-media":"","overlay-type":"","overlay-color":"","overlay-opacity":"","overlay-gradient":""},"mobile":{"background-color":"","background-image":"","background-repeat":"repeat","background-position":"center center","background-size":"auto","background-attachment":"scroll","background-type":"","background-media":"","overlay-type":"","overlay-color":"","overlay-opacity":"","overlay-gradient":""}},"ast-content-background-meta":{"desktop":{"background-color":"var(--ast-global-color-5)","background-image":"","background-repeat":"repeat","background-position":"center center","background-size":"auto","background-attachment":"scroll","background-type":"","background-media":"","overlay-type":"","overlay-color":"","overlay-opacity":"","overlay-gradient":""},"tablet":{"background-color":"var(--ast-global-color-5)","background-image":"","background-repeat":"repeat","background-position":"center center","background-size":"auto","background-attachment":"scroll","background-type":"","background-media":"","overlay-type":"","overlay-color":"","overlay-opacity":"","overlay-gradient":""},"mobile":{"background-color":"var(--ast-global-color-5)","background-image":"","background-repeat":"repeat","background-position":"center center","background-size":"auto","background-attachment":"scroll","background-type":"","background-media":"","overlay-type":"","overlay-color":"","overlay-opacity":"","overlay-gradient":""}}},"product_brand":[],"product_cat":[52],"product_tag":[],"class_list":{"0":"post-2636","1":"product","2":"type-product","3":"status-publish","4":"has-post-thumbnail","6":"product_cat-dovanu-korteles","7":"desktop-align-left","8":"tablet-align-left","9":"mobile-align-left","11":"first","12":"instock","13":"shipping-taxable","14":"purchasable","15":"product-type-variable"},"aioseo_notices":[],"uagb_featured_image_src":{"full":["https:\/\/mlgzouu0auik.i.optimole.com\/cb:wy8s.36b\/w:auto\/h:auto\/q:mauto\/f:best\/https:\/\/minihugz.com\/wp-content\/uploads\/2025\/09\/generate-a-pastel-pl.png",1536,1024,false],"thumbnail":["https:\/\/mlgzouu0auik.i.optimole.com\/cb:wy8s.36b\/w:auto\/h:auto\/q:mauto\/f:best\/https:\/\/minihugz.com\/wp-content\/uploads\/2025\/09\/generate-a-pastel-pl.png",150,100,false],"medium":["https:\/\/mlgzouu0auik.i.optimole.com\/cb:wy8s.36b\/w:300\/h:200\/q:mauto\/f:best\/https:\/\/minihugz.com\/wp-content\/uploads\/2025\/09\/generate-a-pastel-pl.png",300,200,true],"medium_large":["https:\/\/mlgzouu0auik.i.optimole.com\/cb:wy8s.36b\/w:auto\/h:auto\/q:mauto\/f:best\/https:\/\/minihugz.com\/wp-content\/uploads\/2025\/09\/generate-a-pastel-pl.png",768,512,false],"large":["https:\/\/mlgzouu0auik.i.optimole.com\/cb:wy8s.36b\/w:auto\/h:auto\/q:mauto\/f:best\/https:\/\/minihugz.com\/wp-content\/uploads\/2025\/09\/generate-a-pastel-pl.png",1024,683,false],"1536x1536":["https:\/\/mlgzouu0auik.i.optimole.com\/cb:wy8s.36b\/w:auto\/h:auto\/q:mauto\/f:best\/https:\/\/minihugz.com\/wp-content\/uploads\/2025\/09\/generate-a-pastel-pl.png",1536,1024,false],"2048x2048":["https:\/\/mlgzouu0auik.i.optimole.com\/cb:wy8s.36b\/w:auto\/h:auto\/q:mauto\/f:best\/https:\/\/minihugz.com\/wp-content\/uploads\/2025\/09\/generate-a-pastel-pl.png",1536,1024,false],"trp-custom-language-flag":["https:\/\/mlgzouu0auik.i.optimole.com\/cb:wy8s.36b\/w:auto\/h:auto\/q:mauto\/f:best\/https:\/\/minihugz.com\/wp-content\/uploads\/2025\/09\/generate-a-pastel-pl.png",18,12,false],"woocommerce_thumbnail":["https:\/\/mlgzouu0auik.i.optimole.com\/cb:wy8s.36b\/w:300\/h:300\/q:mauto\/rt:fill\/g:ce\/f:best\/https:\/\/minihugz.com\/wp-content\/uploads\/2025\/09\/generate-a-pastel-pl.png",300,300,true],"woocommerce_single":["https:\/\/mlgzouu0auik.i.optimole.com\/cb:wy8s.36b\/w:auto\/h:auto\/q:mauto\/f:best\/https:\/\/minihugz.com\/wp-content\/uploads\/2025\/09\/generate-a-pastel-pl.png",600,400,false],"woocommerce_gallery_thumbnail":["https:\/\/mlgzouu0auik.i.optimole.com\/cb:wy8s.36b\/w:100\/h:100\/q:mauto\/rt:fill\/g:ce\/f:best\/https:\/\/minihugz.com\/wp-content\/uploads\/2025\/09\/generate-a-pastel-pl.png",100,100,true]},"uagb_author_info":{"display_name":"godavaskeviciute@gmail.com","author_link":"https:\/\/minihugz.com\/en\/author\/"},"uagb_comment_info":0,"uagb_excerpt":"El. dovan\u0173 kuponas \u012esigykite Dovan\u0173 kupon\u0105, atsispausdinkite j\u012f ir i\u0161kart dovanokite! Su\u00a0\u0161iuo\u00a0Dovan\u0173 kuponu galima \u012fsigyti bet kuri\u0105\u00a0little-goose.com prek\u0119, o i\u0161sirinkus brangesn\u0119 - sumok\u0117ti tik kain\u0173 skirtum\u0105. Dovan\u0173 kupon\u0105 i\u0161si\u0173sime i\u0161kart po apmok\u0117jimo J\u016bs\u0173 nurodytu el. pa\u0161to adresu! Svarbu \u017einoti: - Dovan\u0173 kuponas galioja 6 m\u0117nesius nuo jo pirkimo dienos. - Dovan\u0173 kuponas negr\u0105\u017einamas bei \u012f&hellip;","_links":{"self":[{"href":"https:\/\/minihugz.com\/en\/wp-json\/wp\/v2\/product\/2636","targetHints":{"allow":["GET"]}}],"collection":[{"href":"https:\/\/minihugz.com\/en\/wp-json\/wp\/v2\/product"}],"about":[{"href":"https:\/\/minihugz.com\/en\/wp-json\/wp\/v2\/types\/product"}],"wp:featuredmedia":[{"embeddable":true,"href":"https:\/\/minihugz.com\/en\/wp-json\/wp\/v2\/media\/2804"}],"wp:attachment":[{"href":"https:\/\/minihugz.com\/en\/wp-json\/wp\/v2\/media?parent=2636"}],"wp:term":[{"taxonomy":"product_brand","embeddable":true,"href":"https:\/\/minihugz.com\/en\/wp-json\/wp\/v2\/product_brand?post=2636"},{"taxonomy":"product_cat","embeddable":true,"href":"https:\/\/minihugz.com\/en\/wp-json\/wp\/v2\/product_cat?post=2636"},{"taxonomy":"product_tag","embeddable":true,"href":"https:\/\/minihugz.com\/en\/wp-json\/wp\/v2\/product_tag?post=2636"}],"curies":[{"name":"wp","href":"https:\/\/api.w.org\/{rel}","templated":true}]}}