{"id":2691,"date":"2025-10-02T11:03:27","date_gmt":"2025-10-02T08:03:27","guid":{"rendered":"https:\/\/minihugz.com\/?post_type=product&#038;p=2691"},"modified":"2025-10-14T13:23:02","modified_gmt":"2025-10-14T10:23:02","slug":"fruit-tree","status":"publish","type":"product","link":"https:\/\/minihugz.com\/en\/product\/fruit-tree\/","title":{"rendered":"Fruit Tree \u2013 Number Trainer"},"content":{"rendered":"<p>\"Fruit Tree - Number Trainer\" is a fun and educational wooden toy for children that combines counting and letter\/tracing activities. The toy looks like an apple tree with colorful apple-pins, from which children can hang apples, count them and at the same time learn to write\/draw numbers. Eco-friendly wood construction, bright colors and Montessori-inspired learning tools promote early counting, creativity and cognitive skills. An ideal gift for children from 3 years old.<\/p>","protected":false},"excerpt":{"rendered":"<p>\"Fruit Tree - Number Trainer\": wooden apple tree for children from 3 years with counting and contour tracing. Creative game without batteries.<\/p>","protected":false},"featured_media":2702,"template":"","meta":{"_uag_custom_page_level_css":"","site-sidebar-layout":"default","site-content-layout":"","ast-site-content-layout":"default","site-content-style":"default","site-sidebar-style":"default","ast-global-header-display":"","ast-banner-title-visibility":"","ast-main-header-display":"","ast-hfb-above-header-display":"","ast-hfb-below-header-display":"","ast-hfb-mobile-header-display":"","site-post-title":"","ast-breadcrumbs-content":"","ast-featured-img":"","footer-sml-layout":"","theme-transparent-header-meta":"default","adv-header-id-meta":"","stick-header-meta":"","header-above-stick-meta":"","header-main-stick-meta":"","header-below-stick-meta":"","astra-migrate-meta-layouts":"set","ast-page-background-enabled":"default","ast-page-background-meta":{"desktop":{"background-color":"var(--ast-global-color-4)","background-image":"","background-repeat":"repeat","background-position":"center center","background-size":"auto","background-attachment":"scroll","background-type":"","background-media":"","overlay-type":"","overlay-color":"","overlay-opacity":"","overlay-gradient":""},"tablet":{"background-color":"","background-image":"","background-repeat":"repeat","background-position":"center center","background-size":"auto","background-attachment":"scroll","background-type":"","background-media":"","overlay-type":"","overlay-color":"","overlay-opacity":"","overlay-gradient":""},"mobile":{"background-color":"","background-image":"","background-repeat":"repeat","background-position":"center center","background-size":"auto","background-attachment":"scroll","background-type":"","background-media":"","overlay-type":"","overlay-color":"","overlay-opacity":"","overlay-gradient":""}},"ast-content-background-meta":{"desktop":{"background-color":"var(--ast-global-color-5)","background-image":"","background-repeat":"repeat","background-position":"center center","background-size":"auto","background-attachment":"scroll","background-type":"","background-media":"","overlay-type":"","overlay-color":"","overlay-opacity":"","overlay-gradient":""},"tablet":{"background-color":"var(--ast-global-color-5)","background-image":"","background-repeat":"repeat","background-position":"center center","background-size":"auto","background-attachment":"scroll","background-type":"","background-media":"","overlay-type":"","overlay-color":"","overlay-opacity":"","overlay-gradient":""},"mobile":{"background-color":"var(--ast-global-color-5)","background-image":"","background-repeat":"repeat","background-position":"center center","background-size":"auto","background-attachment":"scroll","background-type":"","background-media":"","overlay-type":"","overlay-color":"","overlay-opacity":"","overlay-gradient":""}}},"product_brand":[],"product_cat":[55,53],"product_tag":[],"class_list":{"0":"post-2691","1":"product","2":"type-product","3":"status-publish","4":"has-post-thumbnail","6":"product_cat-ankstyvasis-mokymas-montessori","7":"product_cat-zaislai-raidems-ir-skaiciams-pazinti","8":"desktop-align-left","9":"tablet-align-left","10":"mobile-align-left","12":"first","13":"instock","14":"downloadable","15":"shipping-taxable","16":"purchasable","17":"product-type-simple"},"aioseo_notices":[],"uagb_featured_image_src":{"full":["https:\/\/mlgzouu0auik.i.optimole.com\/cb:wy8s.36b\/w:auto\/h:auto\/q:mauto\/f:best\/https:\/\/minihugz.com\/wp-content\/uploads\/2025\/10\/1211372023de0001_Fruit-Tree-Number-Trainer_11_1080.jpg",1080,1080,false],"thumbnail":["https:\/\/mlgzouu0auik.i.optimole.com\/cb:wy8s.36b\/w:150\/h:150\/q:mauto\/rt:fill\/g:ce\/f:best\/https:\/\/minihugz.com\/wp-content\/uploads\/2025\/10\/1211372023de0001_Fruit-Tree-Number-Trainer_11_1080.jpg",150,150,true],"medium":["https:\/\/mlgzouu0auik.i.optimole.com\/cb:wy8s.36b\/w:300\/h:300\/q:mauto\/rt:fill\/g:ce\/f:best\/https:\/\/minihugz.com\/wp-content\/uploads\/2025\/10\/1211372023de0001_Fruit-Tree-Number-Trainer_11_1080.jpg",300,300,true],"medium_large":["https:\/\/mlgzouu0auik.i.optimole.com\/cb:wy8s.36b\/w:768\/h:768\/q:mauto\/f:best\/https:\/\/minihugz.com\/wp-content\/uploads\/2025\/10\/1211372023de0001_Fruit-Tree-Number-Trainer_11_1080.jpg",768,768,true],"large":["https:\/\/mlgzouu0auik.i.optimole.com\/cb:wy8s.36b\/w:1024\/h:1024\/q:mauto\/f:best\/https:\/\/minihugz.com\/wp-content\/uploads\/2025\/10\/1211372023de0001_Fruit-Tree-Number-Trainer_11_1080.jpg",1024,1024,true],"1536x1536":["https:\/\/mlgzouu0auik.i.optimole.com\/cb:wy8s.36b\/w:auto\/h:auto\/q:mauto\/f:best\/https:\/\/minihugz.com\/wp-content\/uploads\/2025\/10\/1211372023de0001_Fruit-Tree-Number-Trainer_11_1080.jpg",1080,1080,false],"2048x2048":["https:\/\/mlgzouu0auik.i.optimole.com\/cb:wy8s.36b\/w:auto\/h:auto\/q:mauto\/f:best\/https:\/\/minihugz.com\/wp-content\/uploads\/2025\/10\/1211372023de0001_Fruit-Tree-Number-Trainer_11_1080.jpg",1080,1080,false],"trp-custom-language-flag":["https:\/\/mlgzouu0auik.i.optimole.com\/cb:wy8s.36b\/w:12\/h:12\/q:mauto\/f:best\/https:\/\/minihugz.com\/wp-content\/uploads\/2025\/10\/1211372023de0001_Fruit-Tree-Number-Trainer_11_1080.jpg",12,12,true],"woocommerce_thumbnail":["https:\/\/mlgzouu0auik.i.optimole.com\/cb:wy8s.36b\/w:300\/h:300\/q:mauto\/rt:fill\/g:ce\/f:best\/https:\/\/minihugz.com\/wp-content\/uploads\/2025\/10\/1211372023de0001_Fruit-Tree-Number-Trainer_11_1080.jpg",300,300,true],"woocommerce_single":["https:\/\/mlgzouu0auik.i.optimole.com\/cb:wy8s.36b\/w:600\/h:600\/q:mauto\/f:best\/https:\/\/minihugz.com\/wp-content\/uploads\/2025\/10\/1211372023de0001_Fruit-Tree-Number-Trainer_11_1080.jpg",600,600,true],"woocommerce_gallery_thumbnail":["https:\/\/mlgzouu0auik.i.optimole.com\/cb:wy8s.36b\/w:100\/h:100\/q:mauto\/rt:fill\/g:ce\/f:best\/https:\/\/minihugz.com\/wp-content\/uploads\/2025\/10\/1211372023de0001_Fruit-Tree-Number-Trainer_11_1080.jpg",100,100,true]},"uagb_author_info":{"display_name":"godavaskeviciute@gmail.com","author_link":"https:\/\/minihugz.com\/en\/author\/"},"uagb_comment_info":0,"uagb_excerpt":"\u201eFruit Tree \u2013 Skai\u010di\u0173 treniruoklis \u201c: medinis obuoli\u0173 medis vaikams nuo 3 met\u0173 su skai\u010diavimu ir kont\u016br\u0173 trasavimu. K\u016brybi\u0161kas \u017eaidimas be baterij\u0173.","_links":{"self":[{"href":"https:\/\/minihugz.com\/en\/wp-json\/wp\/v2\/product\/2691","targetHints":{"allow":["GET"]}}],"collection":[{"href":"https:\/\/minihugz.com\/en\/wp-json\/wp\/v2\/product"}],"about":[{"href":"https:\/\/minihugz.com\/en\/wp-json\/wp\/v2\/types\/product"}],"wp:featuredmedia":[{"embeddable":true,"href":"https:\/\/minihugz.com\/en\/wp-json\/wp\/v2\/media\/2702"}],"wp:attachment":[{"href":"https:\/\/minihugz.com\/en\/wp-json\/wp\/v2\/media?parent=2691"}],"wp:term":[{"taxonomy":"product_brand","embeddable":true,"href":"https:\/\/minihugz.com\/en\/wp-json\/wp\/v2\/product_brand?post=2691"},{"taxonomy":"product_cat","embeddable":true,"href":"https:\/\/minihugz.com\/en\/wp-json\/wp\/v2\/product_cat?post=2691"},{"taxonomy":"product_tag","embeddable":true,"href":"https:\/\/minihugz.com\/en\/wp-json\/wp\/v2\/product_tag?post=2691"}],"curies":[{"name":"wp","href":"https:\/\/api.w.org\/{rel}","templated":true}]}}